{"id":588,"date":"2024-12-15T11:17:18","date_gmt":"2024-12-15T09:17:18","guid":{"rendered":"https:\/\/www.cantinovum.fi\/homepage\/?post_type=product&#038;p=588"},"modified":"2025-12-08T13:09:48","modified_gmt":"2025-12-08T11:09:48","slug":"lauteilla-digitaalinen","status":"publish","type":"product","link":"https:\/\/www.cantinovum.fi\/homepage\/tuote\/lauteilla-digitaalinen\/","title":{"rendered":"Lauteilla &#8211; Digitaalinen"},"content":{"rendered":"<p>Lauteilla on Kamarikuoro Cantinovumin viides levytys, jonka sis\u00e4lt\u00e4m\u00e4t 5 kappaletta ovat saaneet inspiraationsa suomalaisesta saunakulttuurista. EP \u00e4\u00e4nitettiin Uuraisten kirkossa 2020, julkaistiin vuonna 2024 Cantinovumin 35-vuotiskonsertin yhteydess\u00e4.<\/p>\n<p>Lauteilla EP yhdist\u00e4\u00e4 uutta ja vanhaa lyriikkaa sek\u00e4 esittelee suomalaista saunakulttuuria kuoromusiikin kautta. Musiikki vie matkalle saunan ytimeen. Mit\u00e4 sauna meille merkitsee? Cantinovum kuvailee saunan ihmisen mielen kohottajaksi ja rauhoittajaksi, joka l\u00e4mm\u00f6ll\u00e4\u00e4n kutsuu pys\u00e4htym\u00e4\u00e4n ja nauttimaan. Saunaan liittyv\u00e4t rauhanomaiset puhdistumisen rituaalit. Ihminen ik\u00e4\u00e4n kuin uudistuu ja on valmiina kohtaamaan ulkomaailman puhtaana ja l\u00e4mpim\u00e4n\u00e4. Lauteilla on Cantinovumin kutsu kuulijalle pys\u00e4hty\u00e4 arjen keskell\u00e4 ja rentoutua hetki \u2013 l\u00f6ylyn l\u00e4mp\u00f6\u00e4 kuunnellen. Kolme levyn kappaleista on tilauksesta Cantinovumille s\u00e4velletty.<\/p>\n<ol>\n<li>Veli Martin &#8211; Saunavihdat*<\/li>\n<li>Pascal Martin\u00e9 &#8211; On the Treshold of Winter in a Lakeside Sauna*<\/li>\n<li>Saima Hy\u00f6kki &#8211; Tule nyt l\u00f6ylyhyn Jumala*<\/li>\n<li>Einojuhani Rautavaara &#8211; Saunarukous<\/li>\n<li>Juhani Komulainen &#8211; Haltian her\u00e4tys<\/li>\n<\/ol>\n<p>*tilauss\u00e4vellys<\/p>\n<p>Huomaa! Tilauksen maksamisen j\u00e4lkeen saat s\u00e4hk\u00f6postiisi latauslinkin, joka toimii kullekin kappaleelle vain kerran.<\/p>\n","protected":false},"excerpt":{"rendered":"<p>Lauteilla on Kamarikuoro Cantinovumin viides levytys, jonka sis\u00e4lt\u00e4m\u00e4t 5 kappaletta ovat saaneet inspiraationsa suomalaisesta saunakulttuurista. EP \u00e4\u00e4nitettiin Uuraisten kirkossa 2020, ja julkaistiin vuonna 2024 Cantinovumin 35-vuotiskonsertin yhteydess\u00e4.<\/p>\n<p>Huomaa! Tilauksen maksamisen j\u00e4lkeen saat s\u00e4hk\u00f6postiisi latauslinkin, joka toimii vain kerran.<\/p>\n<p>&nbsp;<\/p>\n","protected":false},"featured_media":527,"template":"","meta":[],"product_brand":[],"product_cat":[60,69,49],"product_tag":[77,52,93,51],"class_list":{"0":"post-588","1":"product","2":"type-product","3":"status-publish","4":"has-post-thumbnail","6":"product_cat-cd","7":"product_cat-digi","8":"product_cat-yleinen","9":"product_tag-77","10":"product_tag-cd-levy","11":"product_tag-digitaalinen-levy","12":"product_tag-levy","14":"first","15":"instock","16":"featured","17":"downloadable","18":"virtual","19":"sold-individually","20":"purchasable","21":"product-type-simple"},"_links":{"self":[{"href":"https:\/\/www.cantinovum.fi\/homepage\/wp-json\/wp\/v2\/product\/588","targetHints":{"allow":["GET"]}}],"collection":[{"href":"https:\/\/www.cantinovum.fi\/homepage\/wp-json\/wp\/v2\/product"}],"about":[{"href":"https:\/\/www.cantinovum.fi\/homepage\/wp-json\/wp\/v2\/types\/product"}],"wp:featuredmedia":[{"embeddable":true,"href":"https:\/\/www.cantinovum.fi\/homepage\/wp-json\/wp\/v2\/media\/527"}],"wp:attachment":[{"href":"https:\/\/www.cantinovum.fi\/homepage\/wp-json\/wp\/v2\/media?parent=588"}],"wp:term":[{"taxonomy":"product_brand","embeddable":true,"href":"https:\/\/www.cantinovum.fi\/homepage\/wp-json\/wp\/v2\/product_brand?post=588"},{"taxonomy":"product_cat","embeddable":true,"href":"https:\/\/www.cantinovum.fi\/homepage\/wp-json\/wp\/v2\/product_cat?post=588"},{"taxonomy":"product_tag","embeddable":true,"href":"https:\/\/www.cantinovum.fi\/homepage\/wp-json\/wp\/v2\/product_tag?post=588"}],"curies":[{"name":"wp","href":"https:\/\/api.w.org\/{rel}","templated":true}]}}