{"id":310,"date":"2024-10-04T07:58:17","date_gmt":"2024-10-04T05:58:17","guid":{"rendered":"https:\/\/www.cantinovum.fi\/homepage\/?post_type=product&#038;p=310"},"modified":"2025-12-08T13:06:36","modified_gmt":"2025-12-08T11:06:36","slug":"suven-henki","status":"publish","type":"product","link":"https:\/\/www.cantinovum.fi\/homepage\/tuote\/suven-henki\/","title":{"rendered":"Suven henki"},"content":{"rendered":"<p>Suven henki (2012)<\/p>\n<p>Suven henki sis\u00e4lt\u00e4\u00e4 Jussi Chydeniuksen, Juha Holman, Heikki Korhosen, Mia Makaroffin ja Tellu Turkan s\u00e4velt\u00e4m\u00e4\u00e4 musiikkia. Mukaan on mahtunut my\u00f6s pari vanhempaa klassikkoa Toivo Kuulalta ja Selim Palmgrenilt\u00e4. Kolme kappaleista on s\u00e4velletty Cantinovumille tilausteoksina, ja nelj\u00e4 on ensilevytyksi\u00e4.<\/p>\n<p>Kappaleet:<\/p>\n<ol>\n<li>Selim Palmgren: Juhannus<\/li>\n<li>Jussi Chydenius: L\u00e4ksin min\u00e4 kes\u00e4y\u00f6n\u00e4 k\u00e4ym\u00e4\u00e4n<\/li>\n<li>Toivo Kuula: Venelaulu<\/li>\n<li>Jussi Chydenius: Kaivonkatsoja<\/li>\n<li>Heikki Korhonen: Kuin musta ja valkea<\/li>\n<li>Tellu Turkka: Lintuni<\/li>\n<li>Juha Holma: Sweet Afton<\/li>\n<li>Juha Holma: A knight and a bonny lass<\/li>\n<li>Juha Holma: A mermaid&#8217;s song<\/li>\n<li>Mia Makaroff: Winds<\/li>\n<\/ol>\n","protected":false},"excerpt":{"rendered":"<p>Suven henki -levyll\u00e4 kuullaan laadukas kattaus kes\u00e4isi\u00e4 kappaleita tunnetuilta suomalaisilta s\u00e4velt\u00e4jilt\u00e4. Levyll\u00e4 on useita ensilevytyksi\u00e4 sek\u00e4 tilauss\u00e4vellyksi\u00e4. \u00c4\u00e4nitetty 2012.<\/p>\n","protected":false},"featured_media":534,"template":"","meta":[],"product_brand":[],"product_cat":[60],"product_tag":[56,50,52,57,51],"class_list":{"0":"post-310","1":"product","2":"type-product","3":"status-publish","4":"has-post-thumbnail","6":"product_cat-cd","7":"product_tag-56","8":"product_tag-cd","9":"product_tag-cd-levy","10":"product_tag-kesa","11":"product_tag-levy","13":"first","14":"instock","15":"shipping-taxable","16":"purchasable","17":"product-type-simple"},"_links":{"self":[{"href":"https:\/\/www.cantinovum.fi\/homepage\/wp-json\/wp\/v2\/product\/310","targetHints":{"allow":["GET"]}}],"collection":[{"href":"https:\/\/www.cantinovum.fi\/homepage\/wp-json\/wp\/v2\/product"}],"about":[{"href":"https:\/\/www.cantinovum.fi\/homepage\/wp-json\/wp\/v2\/types\/product"}],"wp:featuredmedia":[{"embeddable":true,"href":"https:\/\/www.cantinovum.fi\/homepage\/wp-json\/wp\/v2\/media\/534"}],"wp:attachment":[{"href":"https:\/\/www.cantinovum.fi\/homepage\/wp-json\/wp\/v2\/media?parent=310"}],"wp:term":[{"taxonomy":"product_brand","embeddable":true,"href":"https:\/\/www.cantinovum.fi\/homepage\/wp-json\/wp\/v2\/product_brand?post=310"},{"taxonomy":"product_cat","embeddable":true,"href":"https:\/\/www.cantinovum.fi\/homepage\/wp-json\/wp\/v2\/product_cat?post=310"},{"taxonomy":"product_tag","embeddable":true,"href":"https:\/\/www.cantinovum.fi\/homepage\/wp-json\/wp\/v2\/product_tag?post=310"}],"curies":[{"name":"wp","href":"https:\/\/api.w.org\/{rel}","templated":true}]}}