{"id":530,"date":"2024-11-21T17:15:28","date_gmt":"2024-11-21T15:15:28","guid":{"rendered":"https:\/\/www.cantinovum.fi\/homepage\/?page_id=530"},"modified":"2025-11-17T20:12:04","modified_gmt":"2025-11-17T18:12:04","slug":"lauteilla","status":"publish","type":"page","link":"https:\/\/www.cantinovum.fi\/homepage\/lauteilla\/","title":{"rendered":"Lauteilla"},"content":{"rendered":"\n<div class=\"wp-block-media-text is-stacked-on-mobile\" style=\"grid-template-columns:56% auto\"><figure class=\"wp-block-media-text__media\"><img loading=\"lazy\" decoding=\"async\" width=\"895\" height=\"895\" src=\"https:\/\/www.cantinovum.fi\/homepage\/wp-content\/uploads\/2024\/10\/Sauna-EP-kansi-e1731958783639.png\" alt=\"\" class=\"wp-image-527 size-full\" srcset=\"https:\/\/www.cantinovum.fi\/homepage\/wp-content\/uploads\/2024\/10\/Sauna-EP-kansi-e1731958783639.png 895w, https:\/\/www.cantinovum.fi\/homepage\/wp-content\/uploads\/2024\/10\/Sauna-EP-kansi-e1731958783639-150x150.png 150w, https:\/\/www.cantinovum.fi\/homepage\/wp-content\/uploads\/2024\/10\/Sauna-EP-kansi-e1731958783639-300x300.png 300w, https:\/\/www.cantinovum.fi\/homepage\/wp-content\/uploads\/2024\/10\/Sauna-EP-kansi-e1731958783639-768x768.png 768w, https:\/\/www.cantinovum.fi\/homepage\/wp-content\/uploads\/2024\/10\/Sauna-EP-kansi-e1731958783639-12x12.png 12w, https:\/\/www.cantinovum.fi\/homepage\/wp-content\/uploads\/2024\/10\/Sauna-EP-kansi-e1731958783639-600x600.png 600w, https:\/\/www.cantinovum.fi\/homepage\/wp-content\/uploads\/2024\/10\/Sauna-EP-kansi-e1731958783639-100x100.png 100w\" sizes=\"auto, (max-width: 895px) 100vw, 895px\" \/><\/figure><div class=\"wp-block-media-text__content\">\n<p>Lauteilla on Kamarikuoro Cantinovumin viides oma levytys, jonka sis\u00e4lt\u00e4m\u00e4t 5 kappaletta ovat saaneet inspiraationsa suomalaisesta saunakulttuurista. EP \u00e4\u00e4nitettiin Uuraisten kirkossa 2020, ja moninaisten vaiheiden kautta julkaistiin vuonna 2024 Cantinovumin 35-vuotiskonsertin yhteydess\u00e4 14.12.<\/p>\n<\/div><\/div>\n\n\n\n<figure class=\"wp-block-table is-style-stripes\"><table><tbody><tr><td>Musiikillinen tuottaja<\/td><td>Rita Varonen, Sofia Riippi<\/td><\/tr><tr><td>Kansitaide &amp; layout: <\/td><td>Tuuli Hirsivaara<\/td><\/tr><tr><td>\u00c4\u00e4nitys, editointi &amp; masterointi:<\/td><td><a href=\"https:\/\/www.proaudile.fi\/refrainrecords\/lauteilla\" data-type=\"link\" data-id=\"https:\/\/www.proaudile.fi\/refrainrecords\/lauteilla\">Pro Audile, Matti Heinonen<\/a><\/td><\/tr><tr><td>Vastaava tuottaja: <\/td><td>Sofia Riippi<\/td><\/tr><tr><td>\u00c4\u00e4nitetty Uuraisten kirkossa 2020<\/td><td><\/td><\/tr><\/tbody><\/table><\/figure>\n\n\n\n<p>Lauteilla-EP on rakkaudenosoitus suomalaiselle saunakulttuurille! Viiden kappaleen kokoinen Lauteilla koostuu erilaisista sauna-aiheisista s\u00e4vellyksist\u00e4, jotka nostavat esiin suomalaisen saunan syd\u00e4men, sielun ja parantavan voiman. Kuoron laulua kuunnellessa voi melkein aistia savusaunan l\u00e4mm\u00f6n ja n\u00e4hd\u00e4 itsens\u00e4 j\u00e4rven rannalla, V\u00e4in\u00e4m\u00f6isen kera lauteilla istumassa. Levyn kappaleista kolme on Cantinovumin tilauss\u00e4vellyksi\u00e4.<\/p>\n\n\n\n<figure class=\"wp-block-image size-full\"><img loading=\"lazy\" decoding=\"async\" width=\"960\" height=\"454\" src=\"https:\/\/www.cantinovum.fi\/homepage\/wp-content\/uploads\/2024\/12\/lauteilla-aanitykset.jpg\" alt=\"lauteilla-\u00e4\u00e4nityskuva\" class=\"wp-image-575\" srcset=\"https:\/\/www.cantinovum.fi\/homepage\/wp-content\/uploads\/2024\/12\/lauteilla-aanitykset.jpg 960w, https:\/\/www.cantinovum.fi\/homepage\/wp-content\/uploads\/2024\/12\/lauteilla-aanitykset-300x142.jpg 300w, https:\/\/www.cantinovum.fi\/homepage\/wp-content\/uploads\/2024\/12\/lauteilla-aanitykset-768x363.jpg 768w, https:\/\/www.cantinovum.fi\/homepage\/wp-content\/uploads\/2024\/12\/lauteilla-aanitykset-18x9.jpg 18w, https:\/\/www.cantinovum.fi\/homepage\/wp-content\/uploads\/2024\/12\/lauteilla-aanitykset-600x284.jpg 600w\" sizes=\"auto, (max-width: 960px) 100vw, 960px\" \/><figcaption class=\"wp-element-caption\">Kuvan ottanut Rita Varonen<\/figcaption><\/figure>\n\n\n\n<p>Cantinovumille on ominaista esitt\u00e4\u00e4 juuri sille s\u00e4velletty\u00e4 musiikkia, ja Lauteilla-EP:n ensimm\u00e4iset kolme kappaletta ovat juuri Cantinovumille s\u00e4vellettyj\u00e4: On the Threshold of Winter in a Lakeside Sauna, Saunavihdat ja Tule nyt l\u00f6ylyhyn, Jumala. Rita Varosen innoittamana kuoro on uransa aikana tilannut kymmeni\u00e4 s\u00e4vellyksi\u00e4 s\u00e4velt\u00e4jilt\u00e4 ymp\u00e4ri maailmaa. Cantinovumin omista laulajista kasvaa my\u00f6s kuoronjohtajia, sanoittajia ja s\u00e4velt\u00e4ji\u00e4. Lauteilla-EP:n kappaleista yhden on sanoittanut ja toisen s\u00e4velt\u00e4nyt kuoron oma laulaja.<\/p>\n\n\n\n<p>Lauteilla yhdist\u00e4\u00e4 uutta ja vanhaa lyriikkaa sek\u00e4 esittelee suomalaista saunakulttuuria kuoromusiikin kautta. Musiikki vie matkalle saunan ytimeen. Mit\u00e4 sauna meille merkitsee? Cantinovum kuvailee saunan ihmisen mielen kohottajaksi ja rauhoittajaksi, joka l\u00e4mm\u00f6ll\u00e4\u00e4n kutsuu pys\u00e4htym\u00e4\u00e4n ja nauttimaan. Saunaan liittyv\u00e4t rauhanomaiset puhdistumisen rituaalit. Ihminen ik\u00e4\u00e4n kuin uudistuu ja on valmiina kohtaamaan ulkomaailman puhtaana ja l\u00e4mpim\u00e4n\u00e4. Lauteilla on Cantinovumin kutsu kuulijalle pys\u00e4hty\u00e4 arjen keskell\u00e4 ja rentoutua hetki \u2013 l\u00f6ylyn l\u00e4mp\u00f6\u00e4 kuunnellen.<\/p>\n\n\n\n<figure class=\"wp-block-table is-style-stripes\"><table><tbody><tr><td>1.<\/td><td>Veli Martin &#8211; Saunavihdat<\/td><td>2:56<\/td><\/tr><tr><td>2.<\/td><td>Pascal Martin\u00e9 &#8211; On the Treshold of Winter in a Lakeside Sauna<\/td><td>3:21<\/td><\/tr><tr><td>3.<\/td><td>Saima Hy\u00f6kki &#8211; Tule nyt l\u00f6ylyhyn Jumala<\/td><td>5:02<\/td><\/tr><tr><td>4.<\/td><td>Einojuhani Rautavaara &#8211; Saunarukous<\/td><td>0:56<\/td><\/tr><tr><td>5.<\/td><td>Juhani Komulainen &#8211; Haltian her\u00e4tys<\/td><td>3:15<\/td><\/tr><tr><td><\/td><td><\/td><td>yht. 15:53<\/td><\/tr><\/tbody><\/table><\/figure>\n\n\n\n<p>Lis\u00e4tietoa ja musiikkiesimerkkej\u00e4 l\u00f6yd\u00e4t <a href=\"https:\/\/www.proaudile.fi\/refrainrecords\/lauteilla\">Proaudile<\/a>-sivulta.<\/p>\n\n\n\n<p>Matkan lauteille aloittaa Saunavihdat. Maija Konttisen runo julkaistiin 1938, ja s\u00e4vellyksen laati Veli Martin Keitel, joka johti t\u00e4t\u00e4 kappaletta kuoronjohdon tutkinnossaan. <\/p>\n\n\n\n<p>Toinen tilauss\u00e4vellys On the Threshold of Winter in a Lakeside Sauna on saksalaisen s\u00e4velt\u00e4j\u00e4n Pascal Martin\u00e9n k\u00e4sialaa. T\u00e4m\u00e4 on jo kolmas kappale, jonka Martin\u00e9 kirjoitti johtajamme pyynn\u00f6st\u00e4, ja ne p\u00e4\u00e4siv\u00e4t maineikkaan Schottin kustantamiksi. Kappaleen sanoituksen on laatinut kuoron riveiss\u00e4 pitk\u00e4\u00e4n laulanut ja nyky\u00e4\u00e4n s\u00e4vellyst\u00e4 opiskeleva Matti Kortet. T\u00e4m\u00e4 kaihoisan viipyilev\u00e4 kappale hetkest\u00e4 j\u00e4rvenrantasaunassa, syksyn k\u00e4\u00e4ntyess\u00e4 talveen, innoitti Cantinovumin kuvaamaan ensimm\u00e4isen <a href=\"https:\/\/youtu.be\/9_8byr8g29Q?feature=shared\" data-type=\"link\" data-id=\"https:\/\/youtu.be\/9_8byr8g29Q?feature=shared\" target=\"_blank\" rel=\"noreferrer noopener\">musiikkivideonsa<\/a>.<\/p>\n\n\n\n<p>Tule nyt l\u00f6ylyhyn, Jumala on Saima Haapasen (ent. Hy\u00f6kki) s\u00e4vellys, joka yhdist\u00e4\u00e4 hienosti nykyrytmiikkaa ja perinteist\u00e4 teksti\u00e4. Kappale on laadittu Kalevalaiseen runoon V\u00e4in\u00e4m\u00f6isen saunan l\u00e4mmitt\u00e4misest\u00e4 itse Jumalaa varten.<\/p>\n\n\n\n<p>Kahdessa viimeisess\u00e4 kertomuksessa saunasta itsest\u00e4\u00e4n tulee pyh\u00e4. Einojuhani Rautavaaran s\u00e4vellys Saunarukous kera perinteikk\u00e4\u00e4n tekstin kutsuu lauteiden l\u00e4mp\u00f6\u00f6n vieraaksi Neitsyt Marian. <\/p>\n\n\n\n<p>Viimeinen kappale Haltian her\u00e4tys on Juhani Komulaisen s\u00e4vellys Irene Malmin lumoavaan tekstiin haltiasta, joka her\u00e4tet\u00e4\u00e4n uniltaan savusaunan lauteilta: her\u00e4tet\u00e4\u00e4n tavalla, ett\u00e4 lopulta joka hirsikin el\u00e4\u00e4!<\/p>\n","protected":false},"excerpt":{"rendered":"<p>Lauteilla on Kamarikuoro Cantinovumin viides oma levytys, jonka sis\u00e4lt\u00e4m\u00e4t 5 kappaletta ovat saaneet inspiraationsa suomalaisesta saunakulttuurista. EP \u00e4\u00e4nitettiin Uuraisten kirkossa 2020, ja moninaisten vaiheiden kautta julkaistiin vuonna 2024 Cantinovumin 35-vuotiskonsertin yhteydess\u00e4 14.12. Musiikillinen tuottaja Rita Varonen, Sofia Riippi Kansitaide &amp; layout: Tuuli Hirsivaara \u00c4\u00e4nitys, editointi &amp; masterointi: Pro Audile, Matti Heinonen Vastaava tuottaja: Sofia Riippi [&hellip;]<\/p>\n","protected":false},"author":3,"featured_media":0,"parent":0,"menu_order":0,"comment_status":"closed","ping_status":"closed","template":"","meta":{"footnotes":""},"class_list":["post-530","page","type-page","status-publish","hentry"],"_links":{"self":[{"href":"https:\/\/www.cantinovum.fi\/homepage\/wp-json\/wp\/v2\/pages\/530","targetHints":{"allow":["GET"]}}],"collection":[{"href":"https:\/\/www.cantinovum.fi\/homepage\/wp-json\/wp\/v2\/pages"}],"about":[{"href":"https:\/\/www.cantinovum.fi\/homepage\/wp-json\/wp\/v2\/types\/page"}],"author":[{"embeddable":true,"href":"https:\/\/www.cantinovum.fi\/homepage\/wp-json\/wp\/v2\/users\/3"}],"replies":[{"embeddable":true,"href":"https:\/\/www.cantinovum.fi\/homepage\/wp-json\/wp\/v2\/comments?post=530"}],"version-history":[{"count":12,"href":"https:\/\/www.cantinovum.fi\/homepage\/wp-json\/wp\/v2\/pages\/530\/revisions"}],"predecessor-version":[{"id":944,"href":"https:\/\/www.cantinovum.fi\/homepage\/wp-json\/wp\/v2\/pages\/530\/revisions\/944"}],"wp:attachment":[{"href":"https:\/\/www.cantinovum.fi\/homepage\/wp-json\/wp\/v2\/media?parent=530"}],"curies":[{"name":"wp","href":"https:\/\/api.w.org\/{rel}","templated":true}]}}