{"id":37,"date":"2024-06-06T11:16:58","date_gmt":"2024-06-06T09:16:58","guid":{"rendered":"https:\/\/www.cantinovum.fi\/homepage\/?page_id=37"},"modified":"2024-11-18T23:10:15","modified_gmt":"2024-11-18T21:10:15","slug":"tilaa","status":"publish","type":"page","link":"https:\/\/www.cantinovum.fi\/homepage\/tilaa\/","title":{"rendered":"Tilaa"},"content":{"rendered":"\n<p>Tilaa Cantinovumin esiintyminen tai levy ja anna korviesi nauttia!<\/p>\n\n\n\n<p><\/p>\n\n\n\n<figure class=\"wp-block-image size-large\"><img loading=\"lazy\" decoding=\"async\" width=\"1024\" height=\"576\" src=\"https:\/\/www.cantinovum.fi\/homepage\/wp-content\/uploads\/2024\/10\/Cantinovum_pienryhma-1024x576.jpg\" alt=\"\" class=\"wp-image-279\" srcset=\"https:\/\/www.cantinovum.fi\/homepage\/wp-content\/uploads\/2024\/10\/Cantinovum_pienryhma-1024x576.jpg 1024w, https:\/\/www.cantinovum.fi\/homepage\/wp-content\/uploads\/2024\/10\/Cantinovum_pienryhma-600x338.jpg 600w, https:\/\/www.cantinovum.fi\/homepage\/wp-content\/uploads\/2024\/10\/Cantinovum_pienryhma-300x169.jpg 300w, https:\/\/www.cantinovum.fi\/homepage\/wp-content\/uploads\/2024\/10\/Cantinovum_pienryhma-768x432.jpg 768w, https:\/\/www.cantinovum.fi\/homepage\/wp-content\/uploads\/2024\/10\/Cantinovum_pienryhma.jpg 1440w\" sizes=\"auto, (max-width: 1024px) 100vw, 1024px\" \/><\/figure>\n\n\n\n<h2 class=\"wp-block-heading\">Tilaa Cantinovum esiintym\u00e4\u00e4n<\/h2>\n\n\n\n<p>Cantinovum esiintyy mielell\u00e4\u00e4n isommissa ja pienemmiss\u00e4kin tilaisuuksissa! Kerro viestiss\u00e4 tilaisuuden luonteesta ja ajankohdasta, kokoonpano- ja ohjelmatoiveista yms., niin annamme tarjouksen.<\/p>\n\n\n\n<p>Suuntaa-antavia esimerkkihintoja:<\/p>\n\n\n\n<ul class=\"wp-block-list\">\n<li>kvartetti tai tuplakvartetti, 10-15 minuuttia musiikkia: 300 \u20ac<\/li>\n\n\n\n<li>isompi lauluryhm\u00e4 tai kuoro, 20-30 minuuttia, 650 \u20ac<\/li>\n<\/ul>\n\n\n\n<p>Yll\u00e4 mainitut hinnat ovat esimerkkej\u00e4, ja lopullinen hinta m\u00e4\u00e4r\u00e4ytyy aina tapauskohtaisesti. Pyyd\u00e4mme tekem\u00e4\u00e4n tilauksen hyviss\u00e4 ajoin, jotta ehdimme varata sopivan kokoonpanon ja harjoitella mahdolliset ennest\u00e4\u00e4n tuntemattomat kappaleet esityskuntoon.<\/p>\n\n\n\n<p>L\u00e4het\u00e4 s\u00e4hk\u00f6postia osoitteeseen&nbsp;keikat@cantinovum.fi.<\/p>\n\n\n\n<h2 class=\"wp-block-heading\">Tilaa Cantinovumin tuotteita<\/h2>\n\n\n\n<p>Tilaamalla tuotteitamme tuet Cantinovumin toimintaa suomalaisen kuorokulttuurin hyv\u00e4ksi!&nbsp;<\/p>\n\n\n\n<p>P\u00e4\u00e4set verkkokauppaan painamalla <a href=\"https:\/\/www.cantinovum.fi\/homepage\/kauppa\/\" data-type=\"page\" data-id=\"297\">T\u00c4ST\u00c4<\/a><\/p>\n\n\n\n<p><\/p>\n","protected":false},"excerpt":{"rendered":"<p>Tilaa Cantinovumin esiintyminen tai levy ja anna korviesi nauttia! Tilaa Cantinovum esiintym\u00e4\u00e4n Cantinovum esiintyy mielell\u00e4\u00e4n isommissa ja pienemmiss\u00e4kin tilaisuuksissa! Kerro viestiss\u00e4 tilaisuuden luonteesta ja ajankohdasta, kokoonpano- ja ohjelmatoiveista yms., niin annamme tarjouksen. Suuntaa-antavia esimerkkihintoja: Yll\u00e4 mainitut hinnat ovat esimerkkej\u00e4, ja lopullinen hinta m\u00e4\u00e4r\u00e4ytyy aina tapauskohtaisesti. Pyyd\u00e4mme tekem\u00e4\u00e4n tilauksen hyviss\u00e4 ajoin, jotta ehdimme varata sopivan kokoonpanon [&hellip;]<\/p>\n","protected":false},"author":3,"featured_media":0,"parent":0,"menu_order":0,"comment_status":"closed","ping_status":"closed","template":"","meta":{"footnotes":""},"class_list":["post-37","page","type-page","status-publish","hentry"],"_links":{"self":[{"href":"https:\/\/www.cantinovum.fi\/homepage\/wp-json\/wp\/v2\/pages\/37","targetHints":{"allow":["GET"]}}],"collection":[{"href":"https:\/\/www.cantinovum.fi\/homepage\/wp-json\/wp\/v2\/pages"}],"about":[{"href":"https:\/\/www.cantinovum.fi\/homepage\/wp-json\/wp\/v2\/types\/page"}],"author":[{"embeddable":true,"href":"https:\/\/www.cantinovum.fi\/homepage\/wp-json\/wp\/v2\/users\/3"}],"replies":[{"embeddable":true,"href":"https:\/\/www.cantinovum.fi\/homepage\/wp-json\/wp\/v2\/comments?post=37"}],"version-history":[{"count":4,"href":"https:\/\/www.cantinovum.fi\/homepage\/wp-json\/wp\/v2\/pages\/37\/revisions"}],"predecessor-version":[{"id":528,"href":"https:\/\/www.cantinovum.fi\/homepage\/wp-json\/wp\/v2\/pages\/37\/revisions\/528"}],"wp:attachment":[{"href":"https:\/\/www.cantinovum.fi\/homepage\/wp-json\/wp\/v2\/media?parent=37"}],"curies":[{"name":"wp","href":"https:\/\/api.w.org\/{rel}","templated":true}]}}