{"id":35,"date":"2024-06-06T11:16:58","date_gmt":"2024-06-06T09:16:58","guid":{"rendered":"https:\/\/www.cantinovum.fi\/homepage\/?page_id=35"},"modified":"2025-12-28T22:36:53","modified_gmt":"2025-12-28T20:36:53","slug":"koelauluhaku","status":"publish","type":"page","link":"https:\/\/www.cantinovum.fi\/homepage\/koelauluhaku\/","title":{"rendered":"Koelauluhaku"},"content":{"rendered":"\n<p class=\"has-text-align-center\">Kev\u00e4\u00e4n 2026 Koelaulut pidet\u00e4\u00e4n:<\/p>\n\n\n\n<p class=\"has-text-align-center has-large-font-size\" style=\"margin-top:0;margin-bottom:0;padding-top:0;padding-bottom:0\">9.1. &#8211; 17.00-17:45<\/p>\n\n\n\n<p class=\"has-text-align-center\" style=\"margin-top:0;margin-bottom:0;padding-top:0;padding-bottom:0\">ja<\/p>\n\n\n\n<p class=\"has-text-align-center has-large-font-size\" style=\"margin-top:0;margin-bottom:0;padding-top:0;padding-bottom:0\">15.1. &#8211; 16.30-17.15<\/p>\n\n\n\n<p class=\"has-text-align-center\">Ilmoittaudu laittamalla s\u00e4hk\u00f6postia osoitteeseen:<\/p>\n\n\n\n<p class=\"has-text-align-center\"><a href=\"mailto:tiedottaja@cantinovum.fi\">tiedottaja(at)cantinovum.fi<\/a><\/p>\n\n\n\n<p class=\"has-text-align-center\">Kerro musiikkitaustastasi ja mit\u00e4 toivot kuorolta osallistuaksesi.<\/p>\n\n\n\n<p>Koelaulut kev\u00e4\u00e4ll\u00e4 2026 pidet\u00e4\u00e4n Suomalaisella Musiikkikampuksella osoitteessa Pitk\u00e4katu 18 luokassa 169. Luokka sijaitsee ensimm\u00e4isess\u00e4 kerroksessa ulko-ovea vastap\u00e4\u00e4t\u00e4 olevan k\u00e4yt\u00e4v\u00e4n p\u00e4\u00e4ss\u00e4.<\/p>\n\n\n\n<p>Valmistaudu esitt\u00e4m\u00e4\u00e4n vapaavalintainen lyhyt laulun\u00e4yte ilman s\u00e4estyst\u00e4.<\/p>\n\n\n\n<p>Odotamme ett\u00e4 osallistut aina harjoituksiin tiistaisin ja viikonloppuleireille jotta olemme esiintymisvalmiita. Odotamme ett\u00e4 olet nuotinlukutaitoinen.<\/p>\n\n\n\n<p class=\"has-text-align-center has-large-font-size\">Tervetuloa!<\/p>\n","protected":false},"excerpt":{"rendered":"<p>Kev\u00e4\u00e4n 2026 Koelaulut pidet\u00e4\u00e4n: 9.1. &#8211; 17.00-17:45 ja 15.1. &#8211; 16.30-17.15 Ilmoittaudu laittamalla s\u00e4hk\u00f6postia osoitteeseen: tiedottaja(at)cantinovum.fi Kerro musiikkitaustastasi ja mit\u00e4 toivot kuorolta osallistuaksesi. Koelaulut kev\u00e4\u00e4ll\u00e4 2026 pidet\u00e4\u00e4n Suomalaisella Musiikkikampuksella osoitteessa Pitk\u00e4katu 18 luokassa 169. Luokka sijaitsee ensimm\u00e4isess\u00e4 kerroksessa ulko-ovea vastap\u00e4\u00e4t\u00e4 olevan k\u00e4yt\u00e4v\u00e4n p\u00e4\u00e4ss\u00e4. Valmistaudu esitt\u00e4m\u00e4\u00e4n vapaavalintainen lyhyt laulun\u00e4yte ilman s\u00e4estyst\u00e4. Odotamme ett\u00e4 osallistut aina harjoituksiin [&hellip;]<\/p>\n","protected":false},"author":3,"featured_media":1003,"parent":0,"menu_order":0,"comment_status":"closed","ping_status":"closed","template":"","meta":{"footnotes":""},"class_list":["post-35","page","type-page","status-publish","has-post-thumbnail","hentry"],"_links":{"self":[{"href":"https:\/\/www.cantinovum.fi\/homepage\/wp-json\/wp\/v2\/pages\/35","targetHints":{"allow":["GET"]}}],"collection":[{"href":"https:\/\/www.cantinovum.fi\/homepage\/wp-json\/wp\/v2\/pages"}],"about":[{"href":"https:\/\/www.cantinovum.fi\/homepage\/wp-json\/wp\/v2\/types\/page"}],"author":[{"embeddable":true,"href":"https:\/\/www.cantinovum.fi\/homepage\/wp-json\/wp\/v2\/users\/3"}],"replies":[{"embeddable":true,"href":"https:\/\/www.cantinovum.fi\/homepage\/wp-json\/wp\/v2\/comments?post=35"}],"version-history":[{"count":12,"href":"https:\/\/www.cantinovum.fi\/homepage\/wp-json\/wp\/v2\/pages\/35\/revisions"}],"predecessor-version":[{"id":1020,"href":"https:\/\/www.cantinovum.fi\/homepage\/wp-json\/wp\/v2\/pages\/35\/revisions\/1020"}],"wp:featuredmedia":[{"embeddable":true,"href":"https:\/\/www.cantinovum.fi\/homepage\/wp-json\/wp\/v2\/media\/1003"}],"wp:attachment":[{"href":"https:\/\/www.cantinovum.fi\/homepage\/wp-json\/wp\/v2\/media?parent=35"}],"curies":[{"name":"wp","href":"https:\/\/api.w.org\/{rel}","templated":true}]}}