{"id":33,"date":"2024-06-06T11:16:58","date_gmt":"2024-06-06T09:16:58","guid":{"rendered":"https:\/\/www.cantinovum.fi\/homepage\/?page_id=33"},"modified":"2026-03-08T21:40:07","modified_gmt":"2026-03-08T19:40:07","slug":"rita-varonen","status":"publish","type":"page","link":"https:\/\/www.cantinovum.fi\/homepage\/rita-varonen\/","title":{"rendered":"Rita Varonen"},"content":{"rendered":"\n<div class=\"wp-block-group alignfull has-global-padding is-layout-constrained wp-container-core-group-is-layout-de246191 wp-block-group-is-layout-constrained\" style=\"margin-top:0;margin-bottom:0;padding-top:var(--wp--preset--spacing--50);padding-right:var(--wp--preset--spacing--50);padding-bottom:var(--wp--preset--spacing--50);padding-left:var(--wp--preset--spacing--50)\">\n<div class=\"wp-block-columns alignwide is-layout-flex wp-container-core-columns-is-layout-28f84493 wp-block-columns-is-layout-flex\">\n<div class=\"wp-block-column is-vertically-aligned-center has-small-font-size is-layout-flow wp-container-core-column-is-layout-8a368f38 wp-block-column-is-layout-flow\">\n<div class=\"wp-block-cover is-light has-small-font-size\"><img loading=\"lazy\" decoding=\"async\" width=\"400\" height=\"500\" class=\"wp-block-cover__image-background wp-image-746\" alt=\"Rita Varonen kuva. Kuva: Ida Liimatainen\" src=\"https:\/\/www.cantinovum.fi\/homepage\/wp-content\/uploads\/2025\/04\/rita.jpg\" style=\"object-position:62% 20%\" data-object-fit=\"cover\" data-object-position=\"62% 20%\" srcset=\"https:\/\/www.cantinovum.fi\/homepage\/wp-content\/uploads\/2025\/04\/rita.jpg 400w, https:\/\/www.cantinovum.fi\/homepage\/wp-content\/uploads\/2025\/04\/rita-240x300.jpg 240w, https:\/\/www.cantinovum.fi\/homepage\/wp-content\/uploads\/2025\/04\/rita-10x12.jpg 10w\" sizes=\"auto, (max-width: 400px) 100vw, 400px\" \/><span aria-hidden=\"true\" class=\"wp-block-cover__background has-background-dim-0 has-background-dim\"><\/span><div class=\"wp-block-cover__inner-container has-global-padding is-layout-constrained wp-block-cover-is-layout-constrained\">\n<p><\/p>\n<\/div><\/div>\n<\/div>\n\n\n\n<div class=\"wp-block-column is-vertically-aligned-center is-layout-flow wp-block-column-is-layout-flow\">\n<p class=\"has-base-color has-text-color\" style=\"margin-top:0;margin-right:0;margin-bottom:0;margin-left:0;font-size:clamp(14px, 0.875rem + ((1vw - 3.2px) * 0.417), 18px);\"><\/p>\n\n\n\n<p style=\"margin-top:0;margin-right:0;margin-bottom:0;margin-left:0;font-size:clamp(14px, 0.875rem + ((1vw - 3.2px) * 0.521), 19px);\">Rita Varonen on toiminut Cantinovumin taiteellisena johtajana vuodesta 1993 l\u00e4htien. Varosen ohjauksessa Cantinovum on vakiinnuttanut asemansa Suomen johtavien, uutta musiikkia esitt\u00e4vien kuorojen joukossa.<\/p>\n<\/div>\n<\/div>\n\n\n\n<div class=\"wp-block-columns alignwide is-layout-flex wp-container-core-columns-is-layout-d0bbbce0 wp-block-columns-is-layout-flex\">\n<div class=\"wp-block-column is-layout-flow wp-container-core-column-is-layout-e3d1c41b wp-block-column-is-layout-flow\">\n<h3 class=\"wp-block-heading has-text-align-left is-style-asterisk has-body-font-family has-medium-font-size\" style=\"font-style:normal;font-weight:600\">Tausta<\/h3>\n\n\n\n<p class=\"has-text-align-left\">Varonen on valmistunut diplomikuoronjohtajaksi Budapestin Liszt-Akatemiasta vuonna 1987. Lis\u00e4ksi h\u00e4n on suorittanut tutkinnon puhallinorkesterinjohdosta ja opiskellut laulua. Kuoronjohtoa Varonen on opiskellut Istv\u00e1n P\u00e1rkain ja P\u00e9ter Erdein johdolla sek\u00e4 osallistunut muun muassa L\u00e1szl\u00f3 Heltayn, T\u00f5nu Kaljusten, Jorma Panulan ja Stefan Sk\u00f6ldin kursseille. Nykyisin Varonen toimii&nbsp;lehtorina opetusaineinaan kuoron- ja orkesterinjohto ja on suosittu kuoronjohdon kouluttaja ymp\u00e4ri maailmaa.<\/p>\n<\/div>\n\n\n\n<div class=\"wp-block-column is-layout-flow wp-container-core-column-is-layout-e3d1c41b wp-block-column-is-layout-flow\">\n<h3 class=\"wp-block-heading has-text-align-left is-style-asterisk has-body-font-family has-medium-font-size\" style=\"font-style:normal;font-weight:600\">Ura<\/h3>\n\n\n\n<p class=\"has-text-align-left\">Rita Varonen on johtanut kuoro- ja orkesterikonsertteja eri puolilla Eurooppa ja Yhdysvaltoja, sek\u00e4 esiintynyt radio- ja TV-l\u00e4hetyksiss\u00e4 niin Suomessa kuin ulkomaillakin. Varosen kuorot ovat levytt\u00e4neet ja saaneet palkintoja sek\u00e4 kansallisissa ett\u00e4 kansainv\u00e4lisiss\u00e4 kilpailuissa. Cantinovumin lis\u00e4ksi h\u00e4n johtaa Jyv\u00e4skyl\u00e4n Naislaulajia sek\u00e4 puhallinorkesteri Aaltoa. Varonen on toiminut Suomen Naiskuoroliiton taiteellisena johtajana vuosina 2007-2015.<\/p>\n<\/div>\n\n\n\n<div class=\"wp-block-column is-layout-flow wp-container-core-column-is-layout-e3d1c41b wp-block-column-is-layout-flow\">\n<h3 class=\"wp-block-heading has-text-align-left is-style-asterisk has-body-font-family has-medium-font-size\" style=\"font-style:normal;font-weight:600\">Palkinnot<\/h3>\n\n\n\n<p class=\"has-text-align-left\">Rita Varoselle my\u00f6nnettiin Suomen Kulttuurirahaston Harald Anders\u00e9n \u2013palkinto vuonna 1996 suomalaisen kuorokulttuurin ansiokkaasta kehitt\u00e4misest\u00e4. Samana vuonna Varonen sai my\u00f6s johtajapalkinnon Kokkolan kansallisessa naiskuorokatselmuksessa. Italiassa lokakuussa 2001 j\u00e4rjestetyss\u00e4 kansainv\u00e4lisess\u00e4 Mariele Ventre -kuoronjohtajakilpailussa Varonen sijoittui toiselle sijalle. Suomen Kuoronjohtajayhdistys ry valitsi Varosen Vuoden kuoronjohtajaksi vuonna 2004. Vuonna 2009 Varonen valittiin parhaaksi kuoronjohtajaksi Slovakia Cantat -kuorokilpailussa sek\u00e4 ABB Bansk\u00e1 Bystrica -kuorokilpailussa. Vuonna 2012 Suomen laulajain ja soittajain liitto Sulasol my\u00f6nsi Varoselle Klemetti-palkinnon h\u00e4nen kuorojen ja kuorolaulun parissa tekem\u00e4st\u00e4\u00e4n ansiokkaasta ty\u00f6st\u00e4. Vuonna 2018 Varonen palkittiin Sekakuoroliiton kultaisella ansiomerkill\u00e4 ja 2022 Naiskuoroliiton kultaisella ansiomerkill\u00e4.<\/p>\n<\/div>\n<\/div>\n<\/div>\n","protected":false},"excerpt":{"rendered":"<p>Rita Varonen on toiminut Cantinovumin taiteellisena johtajana vuodesta 1993 l\u00e4htien. Varosen ohjauksessa Cantinovum on vakiinnuttanut asemansa Suomen johtavien, uutta musiikkia esitt\u00e4vien kuorojen joukossa. Tausta Varonen on valmistunut diplomikuoronjohtajaksi Budapestin Liszt-Akatemiasta vuonna 1987. Lis\u00e4ksi h\u00e4n on suorittanut tutkinnon puhallinorkesterinjohdosta ja opiskellut laulua. Kuoronjohtoa Varonen on opiskellut Istv\u00e1n P\u00e1rkain ja P\u00e9ter Erdein johdolla sek\u00e4 osallistunut muun muassa [&hellip;]<\/p>\n","protected":false},"author":3,"featured_media":0,"parent":0,"menu_order":0,"comment_status":"closed","ping_status":"closed","template":"","meta":{"footnotes":""},"class_list":["post-33","page","type-page","status-publish","hentry"],"_links":{"self":[{"href":"https:\/\/www.cantinovum.fi\/homepage\/wp-json\/wp\/v2\/pages\/33","targetHints":{"allow":["GET"]}}],"collection":[{"href":"https:\/\/www.cantinovum.fi\/homepage\/wp-json\/wp\/v2\/pages"}],"about":[{"href":"https:\/\/www.cantinovum.fi\/homepage\/wp-json\/wp\/v2\/types\/page"}],"author":[{"embeddable":true,"href":"https:\/\/www.cantinovum.fi\/homepage\/wp-json\/wp\/v2\/users\/3"}],"replies":[{"embeddable":true,"href":"https:\/\/www.cantinovum.fi\/homepage\/wp-json\/wp\/v2\/comments?post=33"}],"version-history":[{"count":5,"href":"https:\/\/www.cantinovum.fi\/homepage\/wp-json\/wp\/v2\/pages\/33\/revisions"}],"predecessor-version":[{"id":1051,"href":"https:\/\/www.cantinovum.fi\/homepage\/wp-json\/wp\/v2\/pages\/33\/revisions\/1051"}],"wp:attachment":[{"href":"https:\/\/www.cantinovum.fi\/homepage\/wp-json\/wp\/v2\/media?parent=33"}],"curies":[{"name":"wp","href":"https:\/\/api.w.org\/{rel}","templated":true}]}}