{"id":31,"date":"2024-06-06T11:16:58","date_gmt":"2024-06-06T09:16:58","guid":{"rendered":"https:\/\/www.cantinovum.fi\/homepage\/?page_id=31"},"modified":"2024-06-06T11:44:01","modified_gmt":"2024-06-06T09:44:01","slug":"esittely","status":"publish","type":"page","link":"https:\/\/www.cantinovum.fi\/homepage\/esittely\/","title":{"rendered":"Esittely"},"content":{"rendered":"\n<p>Kamarikuoro Cantinovum, Jyv\u00e4skyl\u00e4n ammattikorkeakoulun (Jamk) edustuskuoro, on perustettu vuonna 1989 tavoitteenaan tehd\u00e4 taiteellisesti korkeatasoista kuoromusiikkia, uudistaa ohjelmistoa nopealla tahdilla sek\u00e4 kehitt\u00e4\u00e4 kuoron moni-ilmeist\u00e4 sointia. Kuoron noin 30 laulajasta suuri osa opiskelee Jyv\u00e4skyl\u00e4n ammattikorkeakoulussa, Jyv\u00e4skyl\u00e4n yliopistossa tai Gradiassa, mutta kyseess\u00e4 ei silti ole pelk\u00e4st\u00e4\u00e4n opiskelijakuoro, vaan kuka tahansa voi liitty\u00e4 mukaan. Kuoroa johtaa Jyv\u00e4skyl\u00e4n ammattikorkeakoulussa kuoronjohdon lehtorina toimiva <a href=\"https:\/\/www.cantinovum.fi\/homepage\/index.php\/rita-varonen\/\" data-type=\"page\" data-id=\"33\">Rita Varonen<\/a>. Kuoro harjoittelee tiistaisin Jyv\u00e4skyl\u00e4n ammattikorkeakoulun tiloissa ja pit\u00e4\u00e4 lis\u00e4ksi harjoitusleirej\u00e4 muutaman kerran vuodessa.<\/p>\n\n\n\n<p>Cantinovumin ohjelmisto koostuu orkesteri- ja a cappella -teoksista, renessanssista aina moderniin musiikkiin. Kuoron nimi on mukailtu latinan sanoista canticum novum, &#8221;uusi laulu&#8221;. Nimens\u00e4 mukaisesti Cantinovum onkin kantaesitt\u00e4nyt jo kolmisenkymment\u00e4 teosta. Cantinovumille ovat s\u00e4velt\u00e4neet kappaleita muun muassa Liisa Matveinen, Jan Hellberg, Jaakko M\u00e4ntyj\u00e4rvi, Juha Holma, Jussi Chydenius, Mia Makaroff, Heikki Korhonen, Pascal Martin\u00e9, Sandra Milliken, Robert A. M. Ross ja Hreidar Ingi Thorsteinsson. Cantinovum on tehnyt useita kertoja yhteisty\u00f6t\u00e4 Jyv\u00e4skyl\u00e4 Sinfonian ja muiden orkestereiden kanssa.<\/p>\n\n\n\n<p>Cantinovum on julkaissut nelj\u00e4 levy\u00e4: Commissioned by Cantinovum (2000), Lauloa min\u00e4 lupasin (2006), Suven henki (2012) sek\u00e4 Joutuos jouluy\u00f6 (2014). Kuoron ensimm\u00e4inen levy, Commissioned by Cantinovum, sis\u00e4lt\u00e4\u00e4 uutta suomalaista kuoromusiikkia, joka on Cantinovumin tilaamaa tai sille omistettua. Toisen levyn, Lauloa min\u00e4 lupasin, laululyriikka perustuu suomalaiseen kansanrunouteen ja Kalevalaan. Suven hengen kappaleista kolme on kuoron tilausteoksia ja nelj\u00e4 ensilevytyksi\u00e4. Joutuos jouluy\u00f6 -levyll\u00e4 kuullaan perinteisten joululaulujen lis\u00e4ksi mielenkiintoisia uudempia teoksia, kuten ensilevytykset Jussi Chydeniuksen, Liisa Matveisen ja Mikko Sidoroffiin s\u00e4velt\u00e4mist\u00e4 joululauluista.<\/p>\n\n\n\n<p>Cantinovum on tehnyt useita esiintymismatkoja ulkomaille ja vieraillut Liettuassa, Kreikassa, Unkarissa, Belgiassa, Alankomaissa, Virossa, Espanjassa, Yhdysvalloissa, Italiassa, Slovakiassa, Islannissa, Saksassa, Irlannissa ja Puolassa. Historiansa aikana Cantinovum on osallistunut my\u00f6s menestyksekk\u00e4\u00e4sti niin kotimaisiin kuin kansainv\u00e4lisiinkin kuorokilpailuihin. Kuoron saavutuksiin lukeutuvat muun muassa kaikkien sarjojen voittaja -palkinto akateemisten kuorojen kilpailusta Bansk\u00e1 Bystricasta Slovakiassa 2009 sek\u00e4 sekakuorosarjan ensimm\u00e4inen palkinto Flandersin kansainv\u00e4lisill\u00e4 kuorofestivaaleilta Belgiassa 1999. Toukokuussa 2014 Cantinovum osallistui Corkissa, Irlannissa j\u00e4rjestett\u00e4v\u00e4\u00e4n arvostettuun Fleischmann International Trophy Competition -kuorokilpailuun ja sijoittui kokonaiskilpailun kahdeksanneksi. Cantinovumille on my\u00f6nnetty my\u00f6s kaksi kultaleimaa Tampereen S\u00e4velen kuorokatselmuksessa vuonna 2003 ja yksi kultaleima vuonna 2015.<\/p>\n","protected":false},"excerpt":{"rendered":"<p>Kamarikuoro Cantinovum, Jyv\u00e4skyl\u00e4n ammattikorkeakoulun (Jamk) edustuskuoro, on perustettu vuonna 1989 tavoitteenaan tehd\u00e4 taiteellisesti korkeatasoista kuoromusiikkia, uudistaa ohjelmistoa nopealla tahdilla sek\u00e4 kehitt\u00e4\u00e4 kuoron moni-ilmeist\u00e4 sointia. Kuoron noin 30 laulajasta suuri osa opiskelee Jyv\u00e4skyl\u00e4n ammattikorkeakoulussa, Jyv\u00e4skyl\u00e4n yliopistossa tai Gradiassa, mutta kyseess\u00e4 ei silti ole pelk\u00e4st\u00e4\u00e4n opiskelijakuoro, vaan kuka tahansa voi liitty\u00e4 mukaan. Kuoroa johtaa Jyv\u00e4skyl\u00e4n ammattikorkeakoulussa kuoronjohdon [&hellip;]<\/p>\n","protected":false},"author":3,"featured_media":0,"parent":0,"menu_order":0,"comment_status":"closed","ping_status":"closed","template":"","meta":{"footnotes":""},"class_list":["post-31","page","type-page","status-publish","hentry"],"_links":{"self":[{"href":"https:\/\/www.cantinovum.fi\/homepage\/wp-json\/wp\/v2\/pages\/31","targetHints":{"allow":["GET"]}}],"collection":[{"href":"https:\/\/www.cantinovum.fi\/homepage\/wp-json\/wp\/v2\/pages"}],"about":[{"href":"https:\/\/www.cantinovum.fi\/homepage\/wp-json\/wp\/v2\/types\/page"}],"author":[{"embeddable":true,"href":"https:\/\/www.cantinovum.fi\/homepage\/wp-json\/wp\/v2\/users\/3"}],"replies":[{"embeddable":true,"href":"https:\/\/www.cantinovum.fi\/homepage\/wp-json\/wp\/v2\/comments?post=31"}],"version-history":[{"count":3,"href":"https:\/\/www.cantinovum.fi\/homepage\/wp-json\/wp\/v2\/pages\/31\/revisions"}],"predecessor-version":[{"id":132,"href":"https:\/\/www.cantinovum.fi\/homepage\/wp-json\/wp\/v2\/pages\/31\/revisions\/132"}],"wp:attachment":[{"href":"https:\/\/www.cantinovum.fi\/homepage\/wp-json\/wp\/v2\/media?parent=31"}],"curies":[{"name":"wp","href":"https:\/\/api.w.org\/{rel}","templated":true}]}}