{"id":274,"date":"2024-10-02T01:43:03","date_gmt":"2024-10-01T23:43:03","guid":{"rendered":"https:\/\/www.cantinovum.fi\/homepage\/?page_id=274"},"modified":"2026-01-06T12:33:11","modified_gmt":"2026-01-06T10:33:11","slug":"tule-mukaan","status":"publish","type":"page","link":"https:\/\/www.cantinovum.fi\/homepage\/tule-mukaan\/","title":{"rendered":"Tule mukaan"},"content":{"rendered":"\n<h2 class=\"wp-block-heading has-large-font-size\">\u00c4\u00e4nesi kuuluu meille!<\/h2>\n\n\n\n<p>Laulajatarpeemme vaihtelee vuosittain, mutta joukkoomme mahtuu aina osaavia ja innokkaita laulajia! Mik\u00e4li arjessasi on musiikkiharrastuksen ment\u00e4v\u00e4 aukko, ota yhteytt\u00e4 l\u00e4hett\u00e4m\u00e4ll\u00e4 vapaamuotoista s\u00e4hk\u00f6postia osoitteeseen&nbsp;pj(at)cantinovum.fi, ja saatat l\u00f6yt\u00e4\u00e4 itsesi laulamassa kanssamme ennemmin kuin arvaatkaan! Olet my\u00f6s tervetullut seuraamaan harjoituksiamme tiistai-iltaisin.<\/p>\n\n\n\n<div class=\"wp-block-media-text alignwide is-stacked-on-mobile is-image-fill-element has-base-color has-text-color has-background has-link-color wp-elements-cd45cf540ecb3eb9e5deeaccd713cbc3\" style=\"background-color:#1c194e;margin-right:var(--wp--preset--spacing--20);margin-left:var(--wp--preset--spacing--20);padding-top:var(--wp--preset--spacing--10);padding-right:var(--wp--preset--spacing--10);padding-bottom:var(--wp--preset--spacing--10);padding-left:var(--wp--preset--spacing--10)\"><figure class=\"wp-block-media-text__media\"><img loading=\"lazy\" decoding=\"async\" width=\"720\" height=\"405\" src=\"https:\/\/www.cantinovum.fi\/homepage\/wp-content\/uploads\/2024\/06\/Cantinovum_pari.jpg\" alt=\"cantinovum_shirts\" class=\"wp-image-8 size-full\" style=\"object-position:50% 50%\" srcset=\"https:\/\/www.cantinovum.fi\/homepage\/wp-content\/uploads\/2024\/06\/Cantinovum_pari.jpg 720w, https:\/\/www.cantinovum.fi\/homepage\/wp-content\/uploads\/2024\/06\/Cantinovum_pari-600x338.jpg 600w, https:\/\/www.cantinovum.fi\/homepage\/wp-content\/uploads\/2024\/06\/Cantinovum_pari-300x169.jpg 300w\" sizes=\"auto, (max-width: 720px) 100vw, 720px\" \/><\/figure><div class=\"wp-block-media-text__content\">\n<p class=\"has-large-font-size\">Toiminta kuorossa<\/p>\n\n\n\n<p>Cantinovumin vuoteen sis\u00e4ltyy tavallisesti 3-5 suurempaa konserttia, mink\u00e4 lis\u00e4ksi ohjelmassa voi olla kourallinen pienempi\u00e4 esiintymisi\u00e4 kuten vierailuja muissa konserteissa sek\u00e4 erilaisissa juhlatilaisuuksissa. Teemme my\u00f6s yhteisty\u00f6t\u00e4 Jyv\u00e4skyl\u00e4 Sinfonian ja paikallisten musiikintuottajien kanssa sek\u00e4 osallistumme kuorofestareille kotimaassa ja my\u00f6s ulkomailla.<\/p>\n<\/div><\/div>\n\n\n\n<h2 class=\"wp-block-heading has-large-font-size\">Vaatimukset<\/h2>\n\n\n\n<p>Kuorolaisena edellyt\u00e4mme sinulta osallistumista harjoituksiin ja keikoille sek\u00e4 valmiuksia harjoitella my\u00f6s itsen\u00e4isesti. Elokuun lopusta toukokuun loppuun ulottuvan kautemme aikana kokoonnumme viikoittain harjoituksiin Jyv\u00e4skyl\u00e4n ammattikorkeakoulun p\u00e4\u00e4kampuksella Rajakadulla tiistai-iltaisin klo 18.00\u201321.00. T\u00e4m\u00e4n lis\u00e4ksi pid\u00e4mme viikonlopun mittaisia harjoitusleirej\u00e4 2-3 kertaa lukukaudessa Jyv\u00e4skyl\u00e4ss\u00e4 tai l\u00e4hiseuduilla.<\/p>\n\n\n\n<h2 class=\"wp-block-heading has-large-font-size\">Koelaulut<\/h2>\n\n\n\n<p>Kiinnostuneille j\u00e4rjest\u00e4mme tilaisuuden laulaa muutamille kuoromme edustajille jonkin itse valitsemasi laulun ilman s\u00e4estyst\u00e4, mink\u00e4 lis\u00e4ksi testaamme \u00e4\u00e4nialaasi ja s\u00e4velkorvaasi.&nbsp;Koelaulutilaisuuksista tarkemmin koelaulut-sivulla:<\/p>\n\n\n\n<div class=\"wp-block-buttons is-content-justification-center is-layout-flex wp-container-core-buttons-is-layout-a89b3969 wp-block-buttons-is-layout-flex\">\n<div class=\"wp-block-button\"><a class=\"wp-block-button__link has-accent-3-background-color has-background has-medium-font-size has-custom-font-size wp-element-button\" href=\"https:\/\/www.cantinovum.fi\/homepage\/koelauluhaku\/\">Koelaulut<\/a><\/div>\n<\/div>\n\n\n\n<p>&nbsp;Mik\u00e4li haluat kokeilla kykyj\u00e4si koelaulukauden ulkopuolella, ota yhteytt\u00e4 niin sovitaan sinulle sopiva koelauluaika!<\/p>\n\n\n\n<div class=\"wp-block-columns is-layout-flex wp-container-core-columns-is-layout-28f84493 wp-block-columns-is-layout-flex\">\n<div class=\"wp-block-column is-layout-flow wp-block-column-is-layout-flow\">\n<div class=\"wp-block-cover\"><span aria-hidden=\"true\" class=\"wp-block-cover__background has-contrast-2-background-color has-background-dim-100 has-background-dim\"><\/span><div class=\"wp-block-cover__inner-container has-global-padding is-layout-constrained wp-block-cover-is-layout-constrained\">\n<p class=\"has-text-align-center has-large-font-size\">Ota yhteytt\u00e4<\/p>\n\n\n\n<p class=\"has-text-align-center\">johtaja(at)cantinovum.fi<\/p>\n<\/div><\/div>\n<\/div>\n\n\n\n<div class=\"wp-block-column is-layout-flow wp-block-column-is-layout-flow\">\n<div class=\"wp-block-cover\"><span aria-hidden=\"true\" class=\"wp-block-cover__background has-background-dim-100 has-background-dim\" style=\"background-color:#27215e\"><\/span><div class=\"wp-block-cover__inner-container is-layout-flow wp-block-cover-is-layout-flow\">\n<p class=\"has-text-align-center has-large-font-size\">Huomaa<\/p>\n\n\n\n<p class=\"has-text-align-center\">Vaikka Cantinovum onkin Jamkin edustuskuoro, sinun ei tarvitse olla Jamkin opiskelija tai musiikinopiskelija tai ammattilainen p\u00e4\u00e4st\u00e4ksesi mukaan &#8211; innokkaat harrastajat ovat taustasta riippumatta tervetulleita kokeilemaan.<\/p>\n<\/div><\/div>\n<\/div>\n<\/div>\n","protected":false},"excerpt":{"rendered":"<p>\u00c4\u00e4nesi kuuluu meille! Laulajatarpeemme vaihtelee vuosittain, mutta joukkoomme mahtuu aina osaavia ja innokkaita laulajia! Mik\u00e4li arjessasi on musiikkiharrastuksen ment\u00e4v\u00e4 aukko, ota yhteytt\u00e4 l\u00e4hett\u00e4m\u00e4ll\u00e4 vapaamuotoista s\u00e4hk\u00f6postia osoitteeseen&nbsp;pj(at)cantinovum.fi, ja saatat l\u00f6yt\u00e4\u00e4 itsesi laulamassa kanssamme ennemmin kuin arvaatkaan! Olet my\u00f6s tervetullut seuraamaan harjoituksiamme tiistai-iltaisin. Toiminta kuorossa Cantinovumin vuoteen sis\u00e4ltyy tavallisesti 3-5 suurempaa konserttia, mink\u00e4 lis\u00e4ksi ohjelmassa voi olla [&hellip;]<\/p>\n","protected":false},"author":3,"featured_media":755,"parent":0,"menu_order":0,"comment_status":"closed","ping_status":"closed","template":"","meta":{"footnotes":""},"class_list":["post-274","page","type-page","status-publish","has-post-thumbnail","hentry"],"_links":{"self":[{"href":"https:\/\/www.cantinovum.fi\/homepage\/wp-json\/wp\/v2\/pages\/274","targetHints":{"allow":["GET"]}}],"collection":[{"href":"https:\/\/www.cantinovum.fi\/homepage\/wp-json\/wp\/v2\/pages"}],"about":[{"href":"https:\/\/www.cantinovum.fi\/homepage\/wp-json\/wp\/v2\/types\/page"}],"author":[{"embeddable":true,"href":"https:\/\/www.cantinovum.fi\/homepage\/wp-json\/wp\/v2\/users\/3"}],"replies":[{"embeddable":true,"href":"https:\/\/www.cantinovum.fi\/homepage\/wp-json\/wp\/v2\/comments?post=274"}],"version-history":[{"count":13,"href":"https:\/\/www.cantinovum.fi\/homepage\/wp-json\/wp\/v2\/pages\/274\/revisions"}],"predecessor-version":[{"id":1027,"href":"https:\/\/www.cantinovum.fi\/homepage\/wp-json\/wp\/v2\/pages\/274\/revisions\/1027"}],"wp:featuredmedia":[{"embeddable":true,"href":"https:\/\/www.cantinovum.fi\/homepage\/wp-json\/wp\/v2\/media\/755"}],"wp:attachment":[{"href":"https:\/\/www.cantinovum.fi\/homepage\/wp-json\/wp\/v2\/media?parent=274"}],"curies":[{"name":"wp","href":"https:\/\/api.w.org\/{rel}","templated":true}]}}