{"id":914,"date":"2025-11-11T09:52:51","date_gmt":"2025-11-11T07:52:51","guid":{"rendered":"https:\/\/www.cantinovum.fi\/homepage\/?post_type=product&#038;p=914"},"modified":"2025-11-11T10:35:35","modified_gmt":"2025-11-11T08:35:35","slug":"kannatusjasenyys-2026","status":"publish","type":"product","link":"https:\/\/www.cantinovum.fi\/homepage\/en\/product\/kannatusjasenyys-2026\/","title":{"rendered":"Kannatusj\u00e4senyys 2026"},"content":{"rendered":"<p>Kannatusj\u00e4senyys kannattaa!<\/p>\n<p>Ostamalla kannatusj\u00e4senyyden lunastat itsellesi p\u00e4\u00e4syn Cantsun omiin konsertteihin j\u00e4senyyden voimassaoloaikana! Saat postissa kannatuspassin, jota vilauttamalla p\u00e4\u00e4set sis\u00e4\u00e4n ilman eri veloitusta. Valituissa konserteissa kannatuspassilla voit saada my\u00f6s ilmaisen v\u00e4liaikapullan tai -kahvin! Valitse kannatustaso tilausvaihtoehdoista.<\/p>\n<p>&nbsp;<\/p>\n<p>STANDARD -taso: sis\u00e4lt\u00e4\u00e4 p\u00e4\u00e4syn kahteen Cantinovumin omaan konserttiin j\u00e4senyyden voimassaoloaikana<\/p>\n<p>GOLD -taso: sis\u00e4lt\u00e4\u00e4 p\u00e4\u00e4syn kaikkiin Cantinovumin omiin konsertteihin j\u00e4senyyden voimassaoloaikana<\/p>\n<p>&nbsp;<\/p>\n<p>Huomaa! Ostamalla ensi vuoden kannatusj\u00e4senyyden nyt, p\u00e4\u00e4set loppukauden konsertteihin ilmaiseksi, ja kylki\u00e4isen\u00e4 Cantinovumin oman heijastimen!<\/p>\n<p>*Voimassaoloaika 2026 = 1.1-31.12.2026<\/p>","protected":false},"excerpt":{"rendered":"<p>Kannatusj\u00e4senyys kannattaa!<\/p>\n<p>Ostamalla kannatusj\u00e4senyyden lunastat itsellesi p\u00e4\u00e4syn Cantsun omiin konsertteihin j\u00e4senyyden voimassaoloaikana! Saat postissa kannatuspassin, jota vilauttamalla p\u00e4\u00e4set sis\u00e4\u00e4n ilman eri veloitusta. Valituissa konserteissa kannatuspassilla voit saada my\u00f6s ilmaisen v\u00e4liaikapullan tai -kahvin!<\/p>","protected":false},"featured_media":919,"template":"","meta":[],"product_brand":[],"product_cat":[61,68,49],"product_tag":[],"class_list":{"0":"post-914","1":"product","2":"type-product","3":"status-publish","4":"has-post-thumbnail","6":"product_cat-muu","7":"product_cat-paasyliput","8":"product_cat-yleinen","10":"first","11":"instock","12":"featured","13":"shipping-taxable","14":"purchasable","15":"product-type-variable","16":"has-default-attributes"},"_links":{"self":[{"href":"https:\/\/www.cantinovum.fi\/homepage\/en\/wp-json\/wp\/v2\/product\/914","targetHints":{"allow":["GET"]}}],"collection":[{"href":"https:\/\/www.cantinovum.fi\/homepage\/en\/wp-json\/wp\/v2\/product"}],"about":[{"href":"https:\/\/www.cantinovum.fi\/homepage\/en\/wp-json\/wp\/v2\/types\/product"}],"wp:featuredmedia":[{"embeddable":true,"href":"https:\/\/www.cantinovum.fi\/homepage\/en\/wp-json\/wp\/v2\/media\/919"}],"wp:attachment":[{"href":"https:\/\/www.cantinovum.fi\/homepage\/en\/wp-json\/wp\/v2\/media?parent=914"}],"wp:term":[{"taxonomy":"product_brand","embeddable":true,"href":"https:\/\/www.cantinovum.fi\/homepage\/en\/wp-json\/wp\/v2\/product_brand?post=914"},{"taxonomy":"product_cat","embeddable":true,"href":"https:\/\/www.cantinovum.fi\/homepage\/en\/wp-json\/wp\/v2\/product_cat?post=914"},{"taxonomy":"product_tag","embeddable":true,"href":"https:\/\/www.cantinovum.fi\/homepage\/en\/wp-json\/wp\/v2\/product_tag?post=914"}],"curies":[{"name":"wp","href":"https:\/\/api.w.org\/{rel}","templated":true}]}}