{"id":883,"date":"2025-11-11T10:35:13","date_gmt":"2025-11-11T08:35:13","guid":{"rendered":"https:\/\/www.cantinovum.fi\/homepage\/?post_type=product&#038;p=883"},"modified":"2026-03-28T16:02:05","modified_gmt":"2026-03-28T14:02:05","slug":"kuorokalenteri-2026","status":"publish","type":"product","link":"https:\/\/www.cantinovum.fi\/homepage\/en\/product\/kuorokalenteri-2026\/","title":{"rendered":"Choir Calendar 2026"},"content":{"rendered":"<p>Ennakkotilaa omaksi tai pukinkonttiin ainutlaatuinen Jyv\u00e4skyl\u00e4l\u00e4isten kuorojen yhteisty\u00f6kalenteri vuodelle 2026!<\/p>\n<p>Kalenterissa esiintyv\u00e4t Cantinovumin lis\u00e4ksi seuraavat Jyv\u00e4skyl\u00e4l\u00e4iset kuorot ja lauluyhtyeet: Voxin kuoroperheen kuorot, Oopperakuoro, Musica, Naiskuoro Pulssi, Jyv\u00e4skyl\u00e4n Naislaulajat, Kipin\u00e4t, Ylist\u00f6n Yll\u00e4rit, Lauluyhtye Fiori, sek\u00e4 Vaput. Ostamalla kalenterin tuet kokonaisvaltaisesti Jyv\u00e4skyl\u00e4l\u00e4ist\u00e4 kuorokulttuuria.<\/p>","protected":false},"excerpt":{"rendered":"<p>Ennakkotilaa omaksi tai pukinkonttiin ainutlaatuinen Jyv\u00e4skyl\u00e4l\u00e4isten kuorojen yhteisty\u00f6kalenteri vuodelle 2026!<\/p>\n<p>Kalenterissa esiintyv\u00e4t Cantinovumin lis\u00e4ksi seuraavat Jyv\u00e4skyl\u00e4l\u00e4iset kuorot ja lauluyhtyeet: Voxin kuoroperheen kuorot, Oopperakuoro, Musica, Naiskuoro Pulssi, Jyv\u00e4skyl\u00e4n Naislaulajat, Kipin\u00e4t, Ylist\u00f6n Yll\u00e4rit, Lauluyhtye Fiori, sek\u00e4 Vaput. Ostamalla kalenterin tuet kokonaisvaltaisesti Jyv\u00e4skyl\u00e4l\u00e4ist\u00e4 kuorokulttuuria.<\/p>","protected":false},"featured_media":958,"template":"","meta":[],"product_brand":[],"product_cat":[61,49],"product_tag":[90],"class_list":{"0":"post-883","1":"product","2":"type-product","3":"status-publish","4":"has-post-thumbnail","6":"product_cat-muu","7":"product_cat-yleinen","8":"product_tag-kuorokalenteri-2026","10":"first","11":"instock","12":"sale","13":"featured","14":"shipping-taxable","15":"purchasable","16":"product-type-simple"},"_links":{"self":[{"href":"https:\/\/www.cantinovum.fi\/homepage\/en\/wp-json\/wp\/v2\/product\/883","targetHints":{"allow":["GET"]}}],"collection":[{"href":"https:\/\/www.cantinovum.fi\/homepage\/en\/wp-json\/wp\/v2\/product"}],"about":[{"href":"https:\/\/www.cantinovum.fi\/homepage\/en\/wp-json\/wp\/v2\/types\/product"}],"wp:featuredmedia":[{"embeddable":true,"href":"https:\/\/www.cantinovum.fi\/homepage\/en\/wp-json\/wp\/v2\/media\/958"}],"wp:attachment":[{"href":"https:\/\/www.cantinovum.fi\/homepage\/en\/wp-json\/wp\/v2\/media?parent=883"}],"wp:term":[{"taxonomy":"product_brand","embeddable":true,"href":"https:\/\/www.cantinovum.fi\/homepage\/en\/wp-json\/wp\/v2\/product_brand?post=883"},{"taxonomy":"product_cat","embeddable":true,"href":"https:\/\/www.cantinovum.fi\/homepage\/en\/wp-json\/wp\/v2\/product_cat?post=883"},{"taxonomy":"product_tag","embeddable":true,"href":"https:\/\/www.cantinovum.fi\/homepage\/en\/wp-json\/wp\/v2\/product_tag?post=883"}],"curies":[{"name":"wp","href":"https:\/\/api.w.org\/{rel}","templated":true}]}}