{"id":307,"date":"2024-10-04T07:37:56","date_gmt":"2024-10-04T05:37:56","guid":{"rendered":"https:\/\/www.cantinovum.fi\/homepage\/?post_type=product&#038;p=307"},"modified":"2025-12-08T13:06:42","modified_gmt":"2025-12-08T11:06:42","slug":"joutuos-jouluyo","status":"publish","type":"product","link":"https:\/\/www.cantinovum.fi\/homepage\/en\/product\/joutuos-jouluyo\/","title":{"rendered":"Joutuos jouluy\u00f6"},"content":{"rendered":"<p>Joutuos jouluy\u00f6 (2014)<\/p>\n<p>Joutuos jouluy\u00f6 -levyll\u00e4 kuullaan huolella valittujen perinteisten joululaulujen lis\u00e4ksi mielenkiintoisia uudempia teoksia, joiden joukosta l\u00f6ytyv\u00e4t ensilevytykset Jussi Chydeniuksen, Liisa Matveisen ja Mikko Sidoroffin uusista joululauluista. Vierailevana solistina sopraano Emili Losier.<\/p>\n<p>Kappaleet:<\/p>\n<ol>\n<li>P. J. Hannikainen: Joulun kellot<\/li>\n<li>trad.: Heinill\u00e4 h\u00e4rkien kaukalon<\/li>\n<li>Toivo Kuula: Rukous<\/li>\n<li>Mikko Sidoroff: Pyh\u00e4 y\u00f6<\/li>\n<li>Michael Head: The little road to Bethlehem<\/li>\n<li>Selim Palmgren: Ja neitsyt pikku poijuttansa<\/li>\n<li>Jussi Chydenius: Voices in the mist<\/li>\n<li>Liisa Matveinen: Joulun lintu<\/li>\n<li>P. J. Hannikainen: Joulut\u00e4hti<\/li>\n<li>Mikko Sidoroff: Jouluy\u00f6n\u00e4<\/li>\n<li>trad.: Wexford carol<\/li>\n<li>Leevi Madetoja: Enkelien joululaulu<\/li>\n<li>Ahti Sonninen: Jouluhymni<\/li>\n<li>Martti Hela: Hiljainen joululaulu<\/li>\n<li>R. Raala: Joulukirkkoon<\/li>\n<li>trad.: Toivioretkell\u00e4<\/li>\n<\/ol>","protected":false},"excerpt":{"rendered":"<p>Joululevyll\u00e4 kuullaan perinteisi\u00e4 suosikkeja ja mielenkiintoisia ensilevytyksi\u00e4. Vieraileva solisti sopr. Emili Losier. \u00c4\u00e4nitys 2014 Pro Audile.<\/p>","protected":false},"featured_media":308,"template":"","meta":[],"product_brand":[],"product_cat":[60],"product_tag":[54,50,52,55,53,51],"class_list":{"0":"post-307","1":"product","2":"type-product","3":"status-publish","4":"has-post-thumbnail","6":"product_cat-cd","7":"product_tag-54","8":"product_tag-cd","9":"product_tag-cd-levy","10":"product_tag-joulu","11":"product_tag-joululevy","12":"product_tag-levy","14":"first","15":"instock","16":"featured","17":"shipping-taxable","18":"purchasable","19":"product-type-simple"},"_links":{"self":[{"href":"https:\/\/www.cantinovum.fi\/homepage\/en\/wp-json\/wp\/v2\/product\/307","targetHints":{"allow":["GET"]}}],"collection":[{"href":"https:\/\/www.cantinovum.fi\/homepage\/en\/wp-json\/wp\/v2\/product"}],"about":[{"href":"https:\/\/www.cantinovum.fi\/homepage\/en\/wp-json\/wp\/v2\/types\/product"}],"wp:featuredmedia":[{"embeddable":true,"href":"https:\/\/www.cantinovum.fi\/homepage\/en\/wp-json\/wp\/v2\/media\/308"}],"wp:attachment":[{"href":"https:\/\/www.cantinovum.fi\/homepage\/en\/wp-json\/wp\/v2\/media?parent=307"}],"wp:term":[{"taxonomy":"product_brand","embeddable":true,"href":"https:\/\/www.cantinovum.fi\/homepage\/en\/wp-json\/wp\/v2\/product_brand?post=307"},{"taxonomy":"product_cat","embeddable":true,"href":"https:\/\/www.cantinovum.fi\/homepage\/en\/wp-json\/wp\/v2\/product_cat?post=307"},{"taxonomy":"product_tag","embeddable":true,"href":"https:\/\/www.cantinovum.fi\/homepage\/en\/wp-json\/wp\/v2\/product_tag?post=307"}],"curies":[{"name":"wp","href":"https:\/\/api.w.org\/{rel}","templated":true}]}}