{"id":1067,"date":"2026-03-28T17:18:54","date_gmt":"2026-03-28T15:18:54","guid":{"rendered":"https:\/\/www.cantinovum.fi\/homepage\/?post_type=product&#038;p=1067"},"modified":"2026-03-28T17:41:46","modified_gmt":"2026-03-28T15:41:46","slug":"25-4-kylmasta-lampimaan-aanekosken-kevatkonsertti-kosken-laulun-kanssa","status":"publish","type":"product","link":"https:\/\/www.cantinovum.fi\/homepage\/en\/product\/25-4-kylmasta-lampimaan-aanekosken-kevatkonsertti-kosken-laulun-kanssa\/","title":{"rendered":"25.4. Kylm\u00e4st\u00e4 L\u00e4mpim\u00e4\u00e4n \u2013 \u00c4\u00e4nekosken kev\u00e4tkonsertti Kosken laulun kanssa"},"content":{"rendered":"<p>Be warmly welcomed as wintery frost melts to spring and blooms into summery glow!<\/p>\n<p>Tapahtumasivu https:\/\/www.cantinovum.fi\/homepage\/25-4-aanekosken-kevatkonsertti-kosken-laulun-kanssa\/<\/p>","protected":false},"excerpt":{"rendered":"<p>Time to transfer to warmth from cold!<\/p>\n<p>Kosken laulu and Cantinovum are joining forces to sing in a joined concert at \u00c4\u00e4nekoski 25.4. at 17:00. Concert includes Intermediate break, which Delicacies are presented by school of Honkola:s 4th grade class.<\/p>\n<p>Be warmly welcomed as wintery frost melts to spring and blooms into summery glow!<\/p>","protected":false},"featured_media":1064,"template":"","meta":[],"product_brand":[],"product_cat":[68],"product_tag":[99],"class_list":{"0":"post-1067","1":"product","2":"type-product","3":"status-publish","4":"has-post-thumbnail","6":"product_cat-paasyliput","7":"product_tag-99","9":"first","10":"instock","11":"shipping-taxable","12":"purchasable","13":"product-type-variable","14":"has-default-attributes"},"_links":{"self":[{"href":"https:\/\/www.cantinovum.fi\/homepage\/en\/wp-json\/wp\/v2\/product\/1067","targetHints":{"allow":["GET"]}}],"collection":[{"href":"https:\/\/www.cantinovum.fi\/homepage\/en\/wp-json\/wp\/v2\/product"}],"about":[{"href":"https:\/\/www.cantinovum.fi\/homepage\/en\/wp-json\/wp\/v2\/types\/product"}],"wp:featuredmedia":[{"embeddable":true,"href":"https:\/\/www.cantinovum.fi\/homepage\/en\/wp-json\/wp\/v2\/media\/1064"}],"wp:attachment":[{"href":"https:\/\/www.cantinovum.fi\/homepage\/en\/wp-json\/wp\/v2\/media?parent=1067"}],"wp:term":[{"taxonomy":"product_brand","embeddable":true,"href":"https:\/\/www.cantinovum.fi\/homepage\/en\/wp-json\/wp\/v2\/product_brand?post=1067"},{"taxonomy":"product_cat","embeddable":true,"href":"https:\/\/www.cantinovum.fi\/homepage\/en\/wp-json\/wp\/v2\/product_cat?post=1067"},{"taxonomy":"product_tag","embeddable":true,"href":"https:\/\/www.cantinovum.fi\/homepage\/en\/wp-json\/wp\/v2\/product_tag?post=1067"}],"curies":[{"name":"wp","href":"https:\/\/api.w.org\/{rel}","templated":true}]}}