{"id":37,"date":"2024-06-06T11:16:58","date_gmt":"2024-06-06T09:16:58","guid":{"rendered":"https:\/\/www.cantinovum.fi\/homepage\/?page_id=37"},"modified":"2024-11-18T23:10:15","modified_gmt":"2024-11-18T21:10:15","slug":"tilaa","status":"publish","type":"page","link":"https:\/\/www.cantinovum.fi\/homepage\/en\/tilaa\/","title":{"rendered":"Order"},"content":{"rendered":"<p>Order a Cantinovum gig or a CD and let your ears rejoice!<\/p>\n\n\n\n<p><\/p>\n\n\n\n<figure class=\"wp-block-image size-large\"><img loading=\"lazy\" decoding=\"async\" width=\"1024\" height=\"576\" src=\"https:\/\/www.cantinovum.fi\/homepage\/wp-content\/uploads\/2024\/10\/Cantinovum_pienryhma-1024x576.jpg\" alt=\"\" class=\"wp-image-279\" srcset=\"https:\/\/www.cantinovum.fi\/homepage\/wp-content\/uploads\/2024\/10\/Cantinovum_pienryhma-1024x576.jpg 1024w, https:\/\/www.cantinovum.fi\/homepage\/wp-content\/uploads\/2024\/10\/Cantinovum_pienryhma-600x338.jpg 600w, https:\/\/www.cantinovum.fi\/homepage\/wp-content\/uploads\/2024\/10\/Cantinovum_pienryhma-300x169.jpg 300w, https:\/\/www.cantinovum.fi\/homepage\/wp-content\/uploads\/2024\/10\/Cantinovum_pienryhma-768x432.jpg 768w, https:\/\/www.cantinovum.fi\/homepage\/wp-content\/uploads\/2024\/10\/Cantinovum_pienryhma.jpg 1440w\" sizes=\"auto, (max-width: 1024px) 100vw, 1024px\" \/><\/figure>\n\n\n\n<h2 class=\"wp-block-heading\">Book a Cantinovum performance<\/h2>\n\n\n\n<p>Cantinovum is happy to perform at both large and small events! In your message, please include details about the nature and timing of the event, any requests for the ensemble and repertoire, etc., and we will provide a quote.<\/p>\n\n\n\n<p>Indicative example prices:<\/p>\n\n\n\n<ul class=\"wp-block-list\">\n<li>Quartet or double quartet, 10-15 minutes of music: \u20ac300<\/li>\n\n\n\n<li>Larger vocal group or full choir, 20-30 minutes: \u20ac650<\/li>\n<\/ul>\n\n\n\n<p>The above prices are examples, and the final price is always determined on a case-by-case basis. We kindly ask that you place your order well in advance, so we have enough time to assemble the appropriate ensemble and rehearse any unfamiliar pieces.<\/p>\n\n\n\n<p>Please send an email to keikat@cantinovum.fi.<\/p>\n\n\n\n<h2 class=\"wp-block-heading\">Order Cantinovum products<\/h2>\n\n\n\n<p>By purchasing our products, you support Cantinovum's activities for the benefit of Finnish choral culture!&nbsp;<\/p>\n\n\n\n<p>You will acces our online store by clicking <a href=\"https:\/\/www.cantinovum.fi\/homepage\/en\/kauppa\/\" data-type=\"page\" data-id=\"297\">HERE<\/a><\/p>\n\n\n\n<p><\/p>","protected":false},"excerpt":{"rendered":"<p>Tilaa Cantinovumin esiintyminen tai levy ja anna korviesi nauttia! Tilaa Cantinovum esiintym\u00e4\u00e4n Cantinovum esiintyy mielell\u00e4\u00e4n isommissa ja pienemmiss\u00e4kin tilaisuuksissa! Kerro viestiss\u00e4 tilaisuuden luonteesta ja ajankohdasta, kokoonpano- ja ohjelmatoiveista yms., niin annamme tarjouksen. Suuntaa-antavia esimerkkihintoja: Yll\u00e4 mainitut hinnat ovat esimerkkej\u00e4, ja lopullinen hinta m\u00e4\u00e4r\u00e4ytyy aina tapauskohtaisesti. Pyyd\u00e4mme tekem\u00e4\u00e4n tilauksen hyviss\u00e4 ajoin, jotta ehdimme varata sopivan kokoonpanon [&hellip;]<\/p>\n","protected":false},"author":3,"featured_media":0,"parent":0,"menu_order":0,"comment_status":"closed","ping_status":"closed","template":"","meta":{"footnotes":""},"class_list":["post-37","page","type-page","status-publish","hentry"],"_links":{"self":[{"href":"https:\/\/www.cantinovum.fi\/homepage\/en\/wp-json\/wp\/v2\/pages\/37","targetHints":{"allow":["GET"]}}],"collection":[{"href":"https:\/\/www.cantinovum.fi\/homepage\/en\/wp-json\/wp\/v2\/pages"}],"about":[{"href":"https:\/\/www.cantinovum.fi\/homepage\/en\/wp-json\/wp\/v2\/types\/page"}],"author":[{"embeddable":true,"href":"https:\/\/www.cantinovum.fi\/homepage\/en\/wp-json\/wp\/v2\/users\/3"}],"replies":[{"embeddable":true,"href":"https:\/\/www.cantinovum.fi\/homepage\/en\/wp-json\/wp\/v2\/comments?post=37"}],"version-history":[{"count":4,"href":"https:\/\/www.cantinovum.fi\/homepage\/en\/wp-json\/wp\/v2\/pages\/37\/revisions"}],"predecessor-version":[{"id":528,"href":"https:\/\/www.cantinovum.fi\/homepage\/en\/wp-json\/wp\/v2\/pages\/37\/revisions\/528"}],"wp:attachment":[{"href":"https:\/\/www.cantinovum.fi\/homepage\/en\/wp-json\/wp\/v2\/media?parent=37"}],"curies":[{"name":"wp","href":"https:\/\/api.w.org\/{rel}","templated":true}]}}