{"id":34,"date":"2024-06-06T11:16:58","date_gmt":"2024-06-06T09:16:58","guid":{"rendered":"https:\/\/www.cantinovum.fi\/homepage\/?page_id=34"},"modified":"2026-03-08T21:43:05","modified_gmt":"2026-03-08T19:43:05","slug":"musiikki-ohjelmisto","status":"publish","type":"page","link":"https:\/\/www.cantinovum.fi\/homepage\/en\/musiikki-ohjelmisto\/","title":{"rendered":"Repertoire"},"content":{"rendered":"<p>Cantinovum's repertoire consists of both orchestral and a cappella works, ranging from the Renaissance to modern music. The choir's name is adapted from the Latin words canticum novum, meaning \"new song.\" True to its name, Cantinovum has premiered nearly thirty works. Composers who have written pieces for Cantinovum include Liisa Matveinen, Jan Hellberg, Jaakko M\u00e4ntyj\u00e4rvi, Juha Holma, Jussi Chydenius, Mia Makaroff, Heikki Korhonen, Pascal Martin\u00e9, Sandra Milliken, Robert A. M. Ross, and Hreidar Ingi Thorsteinsson.<\/p>\n\n\n\n<p>Cantinovum on julkaissut viisi levy\u00e4: Commissioned by Cantinovum (2000), Lauloa min\u00e4 lupasin (2006), Suven henki (2012), Joutuos jouluy\u00f6 (2014) sek\u00e4  Lauteilla (2025). Kuoron ensimm\u00e4inen levy, Commissioned by Cantinovum, sis\u00e4lt\u00e4\u00e4 uutta suomalaista kuoromusiikkia, joka on Cantinovumin tilaamaa tai sille omistettua. Toisen levyn, Lauloa min\u00e4 lupasin, laululyriikka perustuu suomalaiseen kansanrunouteen ja Kalevalaan. Suven hengen kappaleista kolme on kuoron tilausteoksia ja nelj\u00e4 ensilevytyksi\u00e4. Joutuos jouluy\u00f6 -levyll\u00e4 kuullaan perinteisten joululaulujen lis\u00e4ksi mielenkiintoisia uudempia teoksia, kuten ensilevytykset Jussi Chydeniuksen, Liisa Matveisen ja Mikko Sidoroffiin uusista joululauluista.<\/p>\n\n\n\n<p>In the spring of 2024, Cantinovum released its first-ever music video, On the Threshold of Winter in a Lakeside Sauna. The piece was composed by Pascal Martin\u00e9, with lyrics by Cantinovum's former member Matti Kortet. <\/p>\n\n\n\n<figure class=\"wp-block-embed is-type-video is-provider-youtube wp-block-embed-youtube wp-embed-aspect-16-9 wp-has-aspect-ratio\"><div class=\"wp-block-embed__wrapper\">\n<iframe loading=\"lazy\" title=\"Cantinovum - On the Threshold of Winter In a Lakeside Sauna\" width=\"500\" height=\"281\" src=\"https:\/\/www.youtube.com\/embed\/9_8byr8g29Q?feature=oembed\" frameborder=\"0\" allow=\"accelerometer; autoplay; clipboard-write; encrypted-media; gyroscope; picture-in-picture; web-share\" referrerpolicy=\"strict-origin-when-cross-origin\" allowfullscreen><\/iframe>\n<\/div><\/figure>","protected":false},"excerpt":{"rendered":"<p>Cantinovumin ohjelmisto koostuu orkesteri- ja a cappella -teoksista, renessanssista aina moderniin musiikkiin. Kuoron nimi on mukailtu latinan sanoista canticum novum, &#8221;uusi laulu&#8221;. Nimens\u00e4 mukaisesti Cantinovum onkin kantaesitt\u00e4nyt jo kolmisenkymment\u00e4 teosta. Cantinovumille ovat s\u00e4velt\u00e4neet kappaleita muun muassa Liisa Matveinen, Jan Hellberg, Jaakko M\u00e4ntyj\u00e4rvi, Juha Holma, Jussi Chydenius, Mia Makaroff, Heikki Korhonen, Pascal Martin\u00e9, Sandra Milliken, Robert [&hellip;]<\/p>\n","protected":false},"author":3,"featured_media":0,"parent":0,"menu_order":0,"comment_status":"closed","ping_status":"closed","template":"","meta":{"footnotes":""},"class_list":["post-34","page","type-page","status-publish","hentry"],"_links":{"self":[{"href":"https:\/\/www.cantinovum.fi\/homepage\/en\/wp-json\/wp\/v2\/pages\/34","targetHints":{"allow":["GET"]}}],"collection":[{"href":"https:\/\/www.cantinovum.fi\/homepage\/en\/wp-json\/wp\/v2\/pages"}],"about":[{"href":"https:\/\/www.cantinovum.fi\/homepage\/en\/wp-json\/wp\/v2\/types\/page"}],"author":[{"embeddable":true,"href":"https:\/\/www.cantinovum.fi\/homepage\/en\/wp-json\/wp\/v2\/users\/3"}],"replies":[{"embeddable":true,"href":"https:\/\/www.cantinovum.fi\/homepage\/en\/wp-json\/wp\/v2\/comments?post=34"}],"version-history":[{"count":8,"href":"https:\/\/www.cantinovum.fi\/homepage\/en\/wp-json\/wp\/v2\/pages\/34\/revisions"}],"predecessor-version":[{"id":1052,"href":"https:\/\/www.cantinovum.fi\/homepage\/en\/wp-json\/wp\/v2\/pages\/34\/revisions\/1052"}],"wp:attachment":[{"href":"https:\/\/www.cantinovum.fi\/homepage\/en\/wp-json\/wp\/v2\/media?parent=34"}],"curies":[{"name":"wp","href":"https:\/\/api.w.org\/{rel}","templated":true}]}}