{"id":299,"date":"2024-10-04T07:34:42","date_gmt":"2024-10-04T05:34:42","guid":{"rendered":"https:\/\/www.cantinovum.fi\/homepage\/ostoskori\/"},"modified":"2024-10-04T11:37:46","modified_gmt":"2024-10-04T09:37:46","slug":"ostoskori","status":"publish","type":"page","link":"https:\/\/www.cantinovum.fi\/homepage\/en\/ostoskori\/","title":{"rendered":"Ostoskori"},"content":{"rendered":"<div data-block-name=\"woocommerce\/cart\" class=\"wp-block-woocommerce-cart alignwide is-loading\">\n<div data-block-name=\"woocommerce\/filled-cart-block\" class=\"wp-block-woocommerce-filled-cart-block\">\n<div data-block-name=\"woocommerce\/cart-items-block\" class=\"wp-block-woocommerce-cart-items-block\">\n<div data-block-name=\"woocommerce\/cart-line-items-block\" class=\"wp-block-woocommerce-cart-line-items-block\"><\/div>\n\n\n\n<div data-block-name=\"woocommerce\/cart-cross-sells-block\" class=\"wp-block-woocommerce-cart-cross-sells-block\">\n<h2 class=\"wp-block-heading has-large-font-size\">Saatat olla kiinnostunut my\u00f6s&#8230;<\/h2>\n\n\n\n<div data-block-name=\"woocommerce\/cart-cross-sells-products-block\" class=\"wp-block-woocommerce-cart-cross-sells-products-block\"><\/div>\n<\/div>\n<\/div>\n\n\n\n<div data-block-name=\"woocommerce\/cart-totals-block\" class=\"wp-block-woocommerce-cart-totals-block\">\n<div data-block-name=\"woocommerce\/cart-order-summary-block\" class=\"wp-block-woocommerce-cart-order-summary-block\">\n<div data-block-name=\"woocommerce\/cart-order-summary-heading-block\" class=\"wp-block-woocommerce-cart-order-summary-heading-block\"><\/div><div data-block-name=\"woocommerce\/cart-order-summary-coupon-form-block\" class=\"wp-block-woocommerce-cart-order-summary-coupon-form-block\"><\/div><div data-block-name=\"woocommerce\/cart-order-summary-totals-block\" class=\"wp-block-woocommerce-cart-order-summary-totals-block\">\n<div data-block-name=\"woocommerce\/cart-order-summary-subtotal-block\" class=\"wp-block-woocommerce-cart-order-summary-subtotal-block\"><\/div>\n<div data-block-name=\"woocommerce\/cart-order-summary-discount-block\" class=\"wp-block-woocommerce-cart-order-summary-discount-block\"><\/div>\n<div data-block-name=\"woocommerce\/cart-order-summary-fee-block\" class=\"wp-block-woocommerce-cart-order-summary-fee-block\"><\/div>\n<div data-block-name=\"woocommerce\/cart-order-summary-shipping-block\" class=\"wp-block-woocommerce-cart-order-summary-shipping-block\"><\/div>\n<div data-block-name=\"woocommerce\/cart-order-summary-taxes-block\" class=\"wp-block-woocommerce-cart-order-summary-taxes-block\"><\/div><\/div>\n<\/div>\n\n\n\n<div data-block-name=\"woocommerce\/cart-express-payment-block\" class=\"wp-block-woocommerce-cart-express-payment-block\"><\/div>\n\n\n\n<div data-block-name=\"woocommerce\/proceed-to-checkout-block\" class=\"wp-block-woocommerce-proceed-to-checkout-block\"><\/div>\n\n\n\n<div data-block-name=\"woocommerce\/cart-accepted-payment-methods-block\" class=\"wp-block-woocommerce-cart-accepted-payment-methods-block\"><\/div>\n<\/div>\n<\/div>\n\n\n\n<div data-block-name=\"woocommerce\/empty-cart-block\" class=\"wp-block-woocommerce-empty-cart-block\">\n<h2 class=\"wp-block-heading has-text-align-center with-empty-cart-icon wc-block-cart__empty-cart__title\">Your cart is empty!<\/h2>\n\n\n\n<hr class=\"wp-block-separator has-alpha-channel-opacity is-style-dots\"\/>\n\n\n\n<h2 class=\"wp-block-heading has-text-align-center\">Uutta kaupassa<\/h2>\n\n\n<div data-block-name=\"woocommerce\/product-new\" data-columns=\"4\" data-rows=\"1\" class=\"wc-block-grid wp-block-product-new wp-block-woocommerce-product-new wc-block-product-new has-4-columns\"><ul class=\"wc-block-grid__products\"><li class=\"wc-block-grid__product\">\n\t\t\t\t<a href=\"https:\/\/www.cantinovum.fi\/homepage\/en\/product\/25-4-kylmasta-lampimaan-aanekosken-kevatkonsertti-kosken-laulun-kanssa\/\" class=\"wc-block-grid__product-link\">\n\t\t\t\t\t\n\t\t\t\t\t<div class=\"wc-block-grid__product-image\"><img loading=\"lazy\" decoding=\"async\" width=\"300\" height=\"300\" src=\"https:\/\/www.cantinovum.fi\/homepage\/wp-content\/uploads\/2026\/03\/WhatsApp-Image-2026-03-26-at-21.05.18-2-300x300.jpeg\" class=\"attachment-woocommerce_thumbnail size-woocommerce_thumbnail\" alt=\"25.4. Kylm\u00e4st\u00e4 L\u00e4mpim\u00e4\u00e4n \u2013 \u00c4\u00e4nekosken kev\u00e4tkonsertti Kosken laulun kanssa\" srcset=\"https:\/\/www.cantinovum.fi\/homepage\/wp-content\/uploads\/2026\/03\/WhatsApp-Image-2026-03-26-at-21.05.18-2-300x300.jpeg 300w, https:\/\/www.cantinovum.fi\/homepage\/wp-content\/uploads\/2026\/03\/WhatsApp-Image-2026-03-26-at-21.05.18-2-150x150.jpeg 150w, https:\/\/www.cantinovum.fi\/homepage\/wp-content\/uploads\/2026\/03\/WhatsApp-Image-2026-03-26-at-21.05.18-2-100x100.jpeg 100w\" sizes=\"auto, (max-width: 300px) 100vw, 300px\" \/><\/div>\n\t\t\t\t\t<div class=\"wc-block-grid__product-title\">25.4. Kylm\u00e4st\u00e4 L\u00e4mpim\u00e4\u00e4n \u2013 \u00c4\u00e4nekosken kev\u00e4tkonsertti Kosken laulun kanssa<\/div>\n\t\t\t\t<\/a>\n\t\t\t\t<div class=\"wc-block-grid__product-price price\"><span class=\"woocommerce-Price-amount amount\" aria-hidden=\"true\">10,00&nbsp;<span class=\"woocommerce-Price-currencySymbol\">&euro;<\/span><\/span> <span aria-hidden=\"true\">&ndash;<\/span> <span class=\"woocommerce-Price-amount amount\" aria-hidden=\"true\">13,00&nbsp;<span class=\"woocommerce-Price-currencySymbol\">&euro;<\/span><\/span><span class=\"screen-reader-text\" data-no-translation=\"\" data-trp-gettext=\"\">Price range: 10,00&nbsp;&euro; through 13,00&nbsp;&euro;<\/span><\/div>\n\t\t\t\t\n\t\t\t\t<div class=\"wp-block-button wc-block-grid__product-add-to-cart\"><a href=\"https:\/\/www.cantinovum.fi\/homepage\/en\/product\/25-4-kylmasta-lampimaan-aanekosken-kevatkonsertti-kosken-laulun-kanssa\/\" aria-label=\"Select options for \u201c25.4. Kylm\u00e4st\u00e4 L\u00e4mpim\u00e4\u00e4n \u2013 \u00c4\u00e4nekosken kev\u00e4tkonsertti Kosken laulun kanssa\u201d\" data-quantity=\"1\" data-product_id=\"1067\" data-product_sku=\"\" data-price=\"10\" rel=\"nofollow\" class=\"wp-block-button__link wp-element-button add_to_cart_button\" data-no-translation=\"\" data-trp-gettext=\"\" data-no-translation-aria-label=\"\">Select options<\/a><\/div>\n\t\t\t<\/li><li class=\"wc-block-grid__product\">\n\t\t\t\t<a href=\"https:\/\/www.cantinovum.fi\/homepage\/en\/product\/kuorokalenteri-2026\/\" class=\"wc-block-grid__product-link\">\n\t\t\t\t\t<div class=\"wc-block-grid__product-onsale\">\n\t\t\t<span aria-hidden=\"true\" data-no-translation=\"\" data-trp-gettext=\"\">Sale<\/span>\n\t\t\t<span class=\"screen-reader-text\" data-no-translation=\"\" data-trp-gettext=\"\">Product on sale<\/span>\n\t\t<\/div>\n\t\t\t\t\t<div class=\"wc-block-grid__product-image\"><img loading=\"lazy\" decoding=\"async\" width=\"300\" height=\"300\" src=\"https:\/\/www.cantinovum.fi\/homepage\/wp-content\/uploads\/2025\/11\/kalenteri26kansi-300x300.jpg\" class=\"attachment-woocommerce_thumbnail size-woocommerce_thumbnail\" alt=\"Kuorokalenteri 2026\" srcset=\"https:\/\/www.cantinovum.fi\/homepage\/wp-content\/uploads\/2025\/11\/kalenteri26kansi-300x300.jpg 300w, https:\/\/www.cantinovum.fi\/homepage\/wp-content\/uploads\/2025\/11\/kalenteri26kansi-150x150.jpg 150w, https:\/\/www.cantinovum.fi\/homepage\/wp-content\/uploads\/2025\/11\/kalenteri26kansi-100x100.jpg 100w\" sizes=\"auto, (max-width: 300px) 100vw, 300px\" \/><\/div>\n\t\t\t\t\t<div class=\"wc-block-grid__product-title\">Choir Calendar 2026<\/div>\n\t\t\t\t<\/a>\n\t\t\t\t<div class=\"wc-block-grid__product-price price\"><del aria-hidden=\"true\"><span class=\"woocommerce-Price-amount amount\">15,00&nbsp;<span class=\"woocommerce-Price-currencySymbol\">&euro;<\/span><\/span><\/del> <span class=\"screen-reader-text\" data-no-translation=\"\" data-trp-gettext=\"\">Original price was: 15,00&nbsp;&euro;.<\/span><ins aria-hidden=\"true\"><span class=\"woocommerce-Price-amount amount\">10,00&nbsp;<span class=\"woocommerce-Price-currencySymbol\">&euro;<\/span><\/span><\/ins><span class=\"screen-reader-text\" data-no-translation=\"\" data-trp-gettext=\"\">Current price is: 10,00&nbsp;&euro;.<\/span><\/div>\n\t\t\t\t\n\t\t\t\t<div class=\"wp-block-button wc-block-grid__product-add-to-cart\"><a href=\"\/homepage\/en\/wp-json\/wp\/v2\/pages\/299?add-to-cart=883\" aria-label=\"Add to basket: \u201cKuorokalenteri 2026\u201d\" data-quantity=\"1\" data-product_id=\"883\" data-product_sku=\"5991SK\" data-price=\"10\" rel=\"nofollow\" class=\"wp-block-button__link wp-element-button add_to_cart_button ajax_add_to_cart\" data-no-translation=\"\" data-trp-gettext=\"\" data-no-translation-aria-label=\"\">Add to basket<\/a><\/div>\n\t\t\t<\/li><li class=\"wc-block-grid__product\">\n\t\t\t\t<a href=\"https:\/\/www.cantinovum.fi\/homepage\/en\/product\/kannatusjasenyys-2026\/\" class=\"wc-block-grid__product-link\">\n\t\t\t\t\t\n\t\t\t\t\t<div class=\"wc-block-grid__product-image\"><img loading=\"lazy\" decoding=\"async\" width=\"300\" height=\"300\" src=\"https:\/\/www.cantinovum.fi\/homepage\/wp-content\/uploads\/2025\/11\/sunflower-7493240_1280-300x300.jpg\" class=\"attachment-woocommerce_thumbnail size-woocommerce_thumbnail\" alt=\"Kannatusj\u00e4senyys 2026\" srcset=\"https:\/\/www.cantinovum.fi\/homepage\/wp-content\/uploads\/2025\/11\/sunflower-7493240_1280-300x300.jpg 300w, https:\/\/www.cantinovum.fi\/homepage\/wp-content\/uploads\/2025\/11\/sunflower-7493240_1280-150x150.jpg 150w, https:\/\/www.cantinovum.fi\/homepage\/wp-content\/uploads\/2025\/11\/sunflower-7493240_1280-100x100.jpg 100w\" sizes=\"auto, (max-width: 300px) 100vw, 300px\" \/><\/div>\n\t\t\t\t\t<div class=\"wc-block-grid__product-title\">Kannatusj\u00e4senyys 2026<\/div>\n\t\t\t\t<\/a>\n\t\t\t\t<div class=\"wc-block-grid__product-price price\"><span class=\"woocommerce-Price-amount amount\" aria-hidden=\"true\">60,00&nbsp;<span class=\"woocommerce-Price-currencySymbol\">&euro;<\/span><\/span> <span aria-hidden=\"true\">&ndash;<\/span> <span class=\"woocommerce-Price-amount amount\" aria-hidden=\"true\">120,00&nbsp;<span class=\"woocommerce-Price-currencySymbol\">&euro;<\/span><\/span><span class=\"screen-reader-text\" data-no-translation=\"\" data-trp-gettext=\"\">Price range: 60,00&nbsp;&euro; through 120,00&nbsp;&euro;<\/span><\/div>\n\t\t\t\t\n\t\t\t\t<div class=\"wp-block-button wc-block-grid__product-add-to-cart\"><a href=\"https:\/\/www.cantinovum.fi\/homepage\/en\/product\/kannatusjasenyys-2026\/\" aria-label=\"Select options for \u201cKannatusj\u00e4senyys 2026\u201d\" data-quantity=\"1\" data-product_id=\"914\" data-product_sku=\"\" data-price=\"60\" rel=\"nofollow\" class=\"wp-block-button__link wp-element-button add_to_cart_button\" data-no-translation=\"\" data-trp-gettext=\"\" data-no-translation-aria-label=\"\">Select options<\/a><\/div>\n\t\t\t<\/li><li class=\"wc-block-grid__product\">\n\t\t\t\t<a href=\"https:\/\/www.cantinovum.fi\/homepage\/en\/product\/lauteilla-digitaalinen\/\" class=\"wc-block-grid__product-link\">\n\t\t\t\t\t\n\t\t\t\t\t<div class=\"wc-block-grid__product-image\"><img loading=\"lazy\" decoding=\"async\" width=\"300\" height=\"300\" src=\"https:\/\/www.cantinovum.fi\/homepage\/wp-content\/uploads\/2024\/10\/Sauna-EP-kansi-e1731958783639-300x300.png\" class=\"attachment-woocommerce_thumbnail size-woocommerce_thumbnail\" alt=\"Lauteilla - Digitaalinen\" srcset=\"https:\/\/www.cantinovum.fi\/homepage\/wp-content\/uploads\/2024\/10\/Sauna-EP-kansi-e1731958783639-300x300.png 300w, https:\/\/www.cantinovum.fi\/homepage\/wp-content\/uploads\/2024\/10\/Sauna-EP-kansi-e1731958783639-150x150.png 150w, https:\/\/www.cantinovum.fi\/homepage\/wp-content\/uploads\/2024\/10\/Sauna-EP-kansi-e1731958783639-768x768.png 768w, https:\/\/www.cantinovum.fi\/homepage\/wp-content\/uploads\/2024\/10\/Sauna-EP-kansi-e1731958783639-12x12.png 12w, https:\/\/www.cantinovum.fi\/homepage\/wp-content\/uploads\/2024\/10\/Sauna-EP-kansi-e1731958783639-600x600.png 600w, https:\/\/www.cantinovum.fi\/homepage\/wp-content\/uploads\/2024\/10\/Sauna-EP-kansi-e1731958783639-100x100.png 100w, https:\/\/www.cantinovum.fi\/homepage\/wp-content\/uploads\/2024\/10\/Sauna-EP-kansi-e1731958783639.png 895w\" sizes=\"auto, (max-width: 300px) 100vw, 300px\" \/><\/div>\n\t\t\t\t\t<div class=\"wc-block-grid__product-title\">Lauteilla &#8211; Digitaalinen<\/div>\n\t\t\t\t<\/a>\n\t\t\t\t<div class=\"wc-block-grid__product-price price\"><span class=\"woocommerce-Price-amount amount\">10,00&nbsp;<span class=\"woocommerce-Price-currencySymbol\">&euro;<\/span><\/span><\/div>\n\t\t\t\t\n\t\t\t\t<div class=\"wp-block-button wc-block-grid__product-add-to-cart\"><a href=\"\/homepage\/en\/wp-json\/wp\/v2\/pages\/299?add-to-cart=588\" aria-label=\"Add to basket: \u201cLauteilla - Digitaalinen\u201d\" data-quantity=\"1\" data-product_id=\"588\" data-product_sku=\"\" data-price=\"10\" rel=\"nofollow\" class=\"wp-block-button__link wp-element-button add_to_cart_button ajax_add_to_cart\" data-no-translation=\"\" data-trp-gettext=\"\" data-no-translation-aria-label=\"\">Add to basket<\/a><\/div>\n\t\t\t<\/li><\/ul><\/div><\/div>\n<\/div>","protected":false},"excerpt":{"rendered":"","protected":false},"author":1,"featured_media":0,"parent":0,"menu_order":0,"comment_status":"closed","ping_status":"closed","template":"","meta":{"footnotes":""},"class_list":["post-299","page","type-page","status-publish","hentry"],"_links":{"self":[{"href":"https:\/\/www.cantinovum.fi\/homepage\/en\/wp-json\/wp\/v2\/pages\/299","targetHints":{"allow":["GET"]}}],"collection":[{"href":"https:\/\/www.cantinovum.fi\/homepage\/en\/wp-json\/wp\/v2\/pages"}],"about":[{"href":"https:\/\/www.cantinovum.fi\/homepage\/en\/wp-json\/wp\/v2\/types\/page"}],"author":[{"embeddable":true,"href":"https:\/\/www.cantinovum.fi\/homepage\/en\/wp-json\/wp\/v2\/users\/1"}],"replies":[{"embeddable":true,"href":"https:\/\/www.cantinovum.fi\/homepage\/en\/wp-json\/wp\/v2\/comments?post=299"}],"version-history":[{"count":1,"href":"https:\/\/www.cantinovum.fi\/homepage\/en\/wp-json\/wp\/v2\/pages\/299\/revisions"}],"predecessor-version":[{"id":306,"href":"https:\/\/www.cantinovum.fi\/homepage\/en\/wp-json\/wp\/v2\/pages\/299\/revisions\/306"}],"wp:attachment":[{"href":"https:\/\/www.cantinovum.fi\/homepage\/en\/wp-json\/wp\/v2\/media?parent=299"}],"curies":[{"name":"wp","href":"https:\/\/api.w.org\/{rel}","templated":true}]}}